{"id":58,"date":"2012-11-24T16:17:23","date_gmt":"2012-11-24T16:17:23","guid":{"rendered":"http:\/\/www.mariarosabuxarrais.com\/?page_id=58"},"modified":"2018-08-27T14:49:23","modified_gmt":"2018-08-27T12:49:23","slug":"fotos","status":"publish","type":"page","link":"https:\/\/www.mariarosabuxarrais.com\/en\/fotos\/","title":{"rendered":"Photos"},"content":{"rendered":"<p>&nbsp;<\/p>\n\n\t\t<style type=\"text\/css\">\n\t\t\t#gallery-1 {\n\t\t\t\tmargin: auto;\n\t\t\t}\n\t\t\t#gallery-1 .gallery-item {\n\t\t\t\tfloat: left;\n\t\t\t\tmargin-top: 10px;\n\t\t\t\ttext-align: center;\n\t\t\t\twidth: 25%;\n\t\t\t}\n\t\t\t#gallery-1 img {\n\t\t\t\tborder: 2px solid #cfcfcf;\n\t\t\t}\n\t\t\t#gallery-1 .gallery-caption {\n\t\t\t\tmargin-left: 0;\n\t\t\t}\n\t\t\t\/* see gallery_shortcode() in wp-includes\/media.php *\/\n\t\t<\/style>\n\t\t<div id='gallery-1' class='gallery galleryid-58 gallery-columns-4 gallery-size-thumbnail'><dl class='gallery-item'>\n\t\t\t<dt class='gallery-icon landscape'>\n\t\t\t\t<a href='https:\/\/www.mariarosabuxarrais.com\/wp-content\/uploads\/Utretch2018.png' title=\"\" data-rl_title=\"\" class=\"rl-gallery-link\" data-rl_caption=\"\" data-rel=\"lightbox-gallery-1\"><img loading=\"lazy\" decoding=\"async\" width=\"150\" height=\"150\" src=\"https:\/\/www.mariarosabuxarrais.com\/wp-content\/uploads\/Utretch2018-150x150.png\" class=\"attachment-thumbnail size-thumbnail\" alt=\"PhD Utretch 2018\" aria-describedby=\"gallery-1-1399\" srcset=\"https:\/\/www.mariarosabuxarrais.com\/wp-content\/uploads\/Utretch2018-150x150.png 150w, https:\/\/www.mariarosabuxarrais.com\/wp-content\/uploads\/Utretch2018-96x96.png 96w, https:\/\/www.mariarosabuxarrais.com\/wp-content\/uploads\/Utretch2018-48x48.png 48w, https:\/\/www.mariarosabuxarrais.com\/wp-content\/uploads\/Utretch2018-64x64.png 64w\" sizes=\"auto, (max-width: 150px) 100vw, 150px\" \/><\/a>\n\t\t\t<\/dt>\n\t\t\t\t<dd class='wp-caption-text gallery-caption' id='gallery-1-1399'>\n\t\t\t\tTribunal de tesis doctoral en University of Utretch, Holanda.\n\t\t\t\t<\/dd><\/dl><dl class='gallery-item'>\n\t\t\t<dt class='gallery-icon landscape'>\n\t\t\t\t<a href='https:\/\/www.mariarosabuxarrais.com\/wp-content\/uploads\/2015-11-03-UNESP.jpg' title=\"\" data-rl_title=\"\" class=\"rl-gallery-link\" data-rl_caption=\"\" data-rel=\"lightbox-gallery-1\"><img loading=\"lazy\" decoding=\"async\" width=\"150\" height=\"150\" src=\"https:\/\/www.mariarosabuxarrais.com\/wp-content\/uploads\/2015-11-03-UNESP-150x150.jpg\" class=\"attachment-thumbnail size-thumbnail\" alt=\"UNESP 2015\" aria-describedby=\"gallery-1-948\" srcset=\"https:\/\/www.mariarosabuxarrais.com\/wp-content\/uploads\/2015-11-03-UNESP-150x150.jpg 150w, https:\/\/www.mariarosabuxarrais.com\/wp-content\/uploads\/2015-11-03-UNESP-96x96.jpg 96w, https:\/\/www.mariarosabuxarrais.com\/wp-content\/uploads\/2015-11-03-UNESP-48x48.jpg 48w, https:\/\/www.mariarosabuxarrais.com\/wp-content\/uploads\/2015-11-03-UNESP-64x64.jpg 64w\" sizes=\"auto, (max-width: 150px) 100vw, 150px\" \/><\/a>\n\t\t\t<\/dt>\n\t\t\t\t<dd class='wp-caption-text gallery-caption' id='gallery-1-948'>\n\t\t\t\tSeminario en la UNESP de Mar\u00edlia, Brasil.\n\t\t\t\t<\/dd><\/dl><dl class='gallery-item'>\n\t\t\t<dt class='gallery-icon landscape'>\n\t\t\t\t<a href='https:\/\/www.mariarosabuxarrais.com\/wp-content\/uploads\/Hidalgo2014.jpg' title=\"\" data-rl_title=\"\" class=\"rl-gallery-link\" data-rl_caption=\"\" data-rel=\"lightbox-gallery-1\"><img loading=\"lazy\" decoding=\"async\" width=\"150\" height=\"150\" src=\"https:\/\/www.mariarosabuxarrais.com\/wp-content\/uploads\/Hidalgo2014-150x150.jpg\" class=\"attachment-thumbnail size-thumbnail\" alt=\"Hidalgo2014\" aria-describedby=\"gallery-1-771\" srcset=\"https:\/\/www.mariarosabuxarrais.com\/wp-content\/uploads\/Hidalgo2014-150x150.jpg 150w, https:\/\/www.mariarosabuxarrais.com\/wp-content\/uploads\/Hidalgo2014-96x96.jpg 96w, https:\/\/www.mariarosabuxarrais.com\/wp-content\/uploads\/Hidalgo2014-24x24.jpg 24w, https:\/\/www.mariarosabuxarrais.com\/wp-content\/uploads\/Hidalgo2014-36x36.jpg 36w, https:\/\/www.mariarosabuxarrais.com\/wp-content\/uploads\/Hidalgo2014-48x48.jpg 48w, https:\/\/www.mariarosabuxarrais.com\/wp-content\/uploads\/Hidalgo2014-64x64.jpg 64w\" sizes=\"auto, (max-width: 150px) 100vw, 150px\" \/><\/a>\n\t\t\t<\/dt>\n\t\t\t\t<dd class='wp-caption-text gallery-caption' id='gallery-1-771'>\n\t\t\t\tConferencia inaugural 10\u00ba Congreso Internacional de Educaci\u00f3n en Valores del Estado de Hidalgo (M\u00e9xico)\n\t\t\t\t<\/dd><\/dl><dl class='gallery-item'>\n\t\t\t<dt class='gallery-icon landscape'>\n\t\t\t\t<a href='https:\/\/www.mariarosabuxarrais.com\/wp-content\/uploads\/EDIC2014.jpg' title=\"\" data-rl_title=\"\" class=\"rl-gallery-link\" data-rl_caption=\"\" data-rel=\"lightbox-gallery-1\"><img loading=\"lazy\" decoding=\"async\" width=\"150\" height=\"150\" src=\"https:\/\/www.mariarosabuxarrais.com\/wp-content\/uploads\/EDIC2014-150x150.jpg\" class=\"attachment-thumbnail size-thumbnail\" alt=\"EDIC2014\" aria-describedby=\"gallery-1-741\" srcset=\"https:\/\/www.mariarosabuxarrais.com\/wp-content\/uploads\/EDIC2014-150x150.jpg 150w, https:\/\/www.mariarosabuxarrais.com\/wp-content\/uploads\/EDIC2014-96x96.jpg 96w, https:\/\/www.mariarosabuxarrais.com\/wp-content\/uploads\/EDIC2014-24x24.jpg 24w, https:\/\/www.mariarosabuxarrais.com\/wp-content\/uploads\/EDIC2014-36x36.jpg 36w, https:\/\/www.mariarosabuxarrais.com\/wp-content\/uploads\/EDIC2014-48x48.jpg 48w, https:\/\/www.mariarosabuxarrais.com\/wp-content\/uploads\/EDIC2014-64x64.jpg 64w\" sizes=\"auto, (max-width: 150px) 100vw, 150px\" \/><\/a>\n\t\t\t<\/dt>\n\t\t\t\t<dd class='wp-caption-text gallery-caption' id='gallery-1-741'>\n\t\t\t\tPrograma Erasmus para la Educaci\u00f3n de una Ciudadan\u00eda Intercultural y Democr\u00e1tica.\n\t\t\t\t<\/dd><\/dl><br style=\"clear: both\" \/><dl class='gallery-item'>\n\t\t\t<dt class='gallery-icon landscape'>\n\t\t\t\t<a href='https:\/\/www.mariarosabuxarrais.com\/wp-content\/uploads\/2013-10-4PNV-BCN1.jpg' title=\"\" data-rl_title=\"\" class=\"rl-gallery-link\" data-rl_caption=\"\" data-rel=\"lightbox-gallery-1\"><img loading=\"lazy\" decoding=\"async\" width=\"150\" height=\"150\" src=\"https:\/\/www.mariarosabuxarrais.com\/wp-content\/uploads\/2013-10-4PNV-BCN1-150x150.jpg\" class=\"attachment-thumbnail size-thumbnail\" alt=\"Plan Nacional Valores, 2013\" aria-describedby=\"gallery-1-460\" srcset=\"https:\/\/www.mariarosabuxarrais.com\/wp-content\/uploads\/2013-10-4PNV-BCN1-150x150.jpg 150w, https:\/\/www.mariarosabuxarrais.com\/wp-content\/uploads\/2013-10-4PNV-BCN1-96x96.jpg 96w, https:\/\/www.mariarosabuxarrais.com\/wp-content\/uploads\/2013-10-4PNV-BCN1-24x24.jpg 24w, https:\/\/www.mariarosabuxarrais.com\/wp-content\/uploads\/2013-10-4PNV-BCN1-36x36.jpg 36w, https:\/\/www.mariarosabuxarrais.com\/wp-content\/uploads\/2013-10-4PNV-BCN1-48x48.jpg 48w, https:\/\/www.mariarosabuxarrais.com\/wp-content\/uploads\/2013-10-4PNV-BCN1-64x64.jpg 64w\" sizes=\"auto, (max-width: 150px) 100vw, 150px\" \/><\/a>\n\t\t\t<\/dt>\n\t\t\t\t<dd class='wp-caption-text gallery-caption' id='gallery-1-460'>\n\t\t\t\tPresentaci\u00f3n del Plan Nacional de Valores a la Consellera de Benestar Social i Familia, Neus Munt\u00e9.\n\t\t\t\t<\/dd><\/dl><dl class='gallery-item'>\n\t\t\t<dt class='gallery-icon landscape'>\n\t\t\t\t<a href='https:\/\/www.mariarosabuxarrais.com\/wp-content\/uploads\/PlanNacionalVAlores.png' title=\"\" data-rl_title=\"\" class=\"rl-gallery-link\" data-rl_caption=\"\" data-rel=\"lightbox-gallery-1\"><img loading=\"lazy\" decoding=\"async\" width=\"150\" height=\"150\" src=\"https:\/\/www.mariarosabuxarrais.com\/wp-content\/uploads\/PlanNacionalVAlores-150x150.png\" class=\"attachment-thumbnail size-thumbnail\" alt=\"PlanNacionalValores\" aria-describedby=\"gallery-1-407\" srcset=\"https:\/\/www.mariarosabuxarrais.com\/wp-content\/uploads\/PlanNacionalVAlores-150x150.png 150w, https:\/\/www.mariarosabuxarrais.com\/wp-content\/uploads\/PlanNacionalVAlores-96x96.png 96w, https:\/\/www.mariarosabuxarrais.com\/wp-content\/uploads\/PlanNacionalVAlores-24x24.png 24w, https:\/\/www.mariarosabuxarrais.com\/wp-content\/uploads\/PlanNacionalVAlores-36x36.png 36w, https:\/\/www.mariarosabuxarrais.com\/wp-content\/uploads\/PlanNacionalVAlores-48x48.png 48w, https:\/\/www.mariarosabuxarrais.com\/wp-content\/uploads\/PlanNacionalVAlores-64x64.png 64w\" sizes=\"auto, (max-width: 150px) 100vw, 150px\" \/><\/a>\n\t\t\t<\/dt>\n\t\t\t\t<dd class='wp-caption-text gallery-caption' id='gallery-1-407'>\n\t\t\t\tGrupo de coordinadores del Plan Nacional de Valores de la Generalitat de Catalu\u00f1a 2012- 2013\n\t\t\t\t<\/dd><\/dl><dl class='gallery-item'>\n\t\t\t<dt class='gallery-icon landscape'>\n\t\t\t\t<a href='https:\/\/www.mariarosabuxarrais.com\/wp-content\/uploads\/DeptTHE2012S.jpg' title=\"\" data-rl_title=\"\" class=\"rl-gallery-link\" data-rl_caption=\"\" data-rel=\"lightbox-gallery-1\"><img loading=\"lazy\" decoding=\"async\" width=\"150\" height=\"150\" src=\"https:\/\/www.mariarosabuxarrais.com\/wp-content\/uploads\/DeptTHE2012S-150x150.jpg\" class=\"attachment-thumbnail size-thumbnail\" alt=\"Dpto THE 2012\" aria-describedby=\"gallery-1-405\" srcset=\"https:\/\/www.mariarosabuxarrais.com\/wp-content\/uploads\/DeptTHE2012S-150x150.jpg 150w, https:\/\/www.mariarosabuxarrais.com\/wp-content\/uploads\/DeptTHE2012S-96x96.jpg 96w, https:\/\/www.mariarosabuxarrais.com\/wp-content\/uploads\/DeptTHE2012S-24x24.jpg 24w, https:\/\/www.mariarosabuxarrais.com\/wp-content\/uploads\/DeptTHE2012S-36x36.jpg 36w, https:\/\/www.mariarosabuxarrais.com\/wp-content\/uploads\/DeptTHE2012S-48x48.jpg 48w, https:\/\/www.mariarosabuxarrais.com\/wp-content\/uploads\/DeptTHE2012S-64x64.jpg 64w\" sizes=\"auto, (max-width: 150px) 100vw, 150px\" \/><\/a>\n\t\t\t<\/dt>\n\t\t\t\t<dd class='wp-caption-text gallery-caption' id='gallery-1-405'>\n\t\t\t\tDepartamento de Teor\u00eda e Historia de la Educaci\u00f3n de la UB\n\t\t\t\t<\/dd><\/dl><dl class='gallery-item'>\n\t\t\t<dt class='gallery-icon landscape'>\n\t\t\t\t<a href='https:\/\/www.mariarosabuxarrais.com\/wp-content\/uploads\/3c.jpg' title=\"\" data-rl_title=\"\" class=\"rl-gallery-link\" data-rl_caption=\"\" data-rel=\"lightbox-gallery-1\"><img loading=\"lazy\" decoding=\"async\" width=\"150\" height=\"150\" src=\"https:\/\/www.mariarosabuxarrais.com\/wp-content\/uploads\/3c-150x150.jpg\" class=\"attachment-thumbnail size-thumbnail\" alt=\"\" aria-describedby=\"gallery-1-230\" srcset=\"https:\/\/www.mariarosabuxarrais.com\/wp-content\/uploads\/3c-150x150.jpg 150w, https:\/\/www.mariarosabuxarrais.com\/wp-content\/uploads\/3c-96x96.jpg 96w, https:\/\/www.mariarosabuxarrais.com\/wp-content\/uploads\/3c-24x24.jpg 24w, https:\/\/www.mariarosabuxarrais.com\/wp-content\/uploads\/3c-36x36.jpg 36w, https:\/\/www.mariarosabuxarrais.com\/wp-content\/uploads\/3c-48x48.jpg 48w, https:\/\/www.mariarosabuxarrais.com\/wp-content\/uploads\/3c-64x64.jpg 64w\" sizes=\"auto, (max-width: 150px) 100vw, 150px\" \/><\/a>\n\t\t\t<\/dt>\n\t\t\t\t<dd class='wp-caption-text gallery-caption' id='gallery-1-230'>\n\t\t\t\tPresentaci\u00f3n de libro &#8220;Valors tous en temps durs&#8221;. Junto a Carles Duarte, director de la Fundaci\u00f3n Llu\u00eds Carulla. \n\t\t\t\t<\/dd><\/dl><br style=\"clear: both\" \/><dl class='gallery-item'>\n\t\t\t<dt class='gallery-icon landscape'>\n\t\t\t\t<a href='https:\/\/www.mariarosabuxarrais.com\/wp-content\/uploads\/SITE2010c.jpg' title=\"\" data-rl_title=\"\" class=\"rl-gallery-link\" data-rl_caption=\"\" data-rel=\"lightbox-gallery-1\"><img loading=\"lazy\" decoding=\"async\" width=\"150\" height=\"150\" src=\"https:\/\/www.mariarosabuxarrais.com\/wp-content\/uploads\/SITE2010c-150x150.jpg\" class=\"attachment-thumbnail size-thumbnail\" alt=\"SITE 2010\" aria-describedby=\"gallery-1-228\" srcset=\"https:\/\/www.mariarosabuxarrais.com\/wp-content\/uploads\/SITE2010c-150x150.jpg 150w, https:\/\/www.mariarosabuxarrais.com\/wp-content\/uploads\/SITE2010c-96x96.jpg 96w, https:\/\/www.mariarosabuxarrais.com\/wp-content\/uploads\/SITE2010c-24x24.jpg 24w, https:\/\/www.mariarosabuxarrais.com\/wp-content\/uploads\/SITE2010c-36x36.jpg 36w, https:\/\/www.mariarosabuxarrais.com\/wp-content\/uploads\/SITE2010c-48x48.jpg 48w, https:\/\/www.mariarosabuxarrais.com\/wp-content\/uploads\/SITE2010c-64x64.jpg 64w\" sizes=\"auto, (max-width: 150px) 100vw, 150px\" \/><\/a>\n\t\t\t<\/dt>\n\t\t\t\t<dd class='wp-caption-text gallery-caption' id='gallery-1-228'>\n\t\t\t\tXXIX Seminario Interuniversitario de Teor\u00eda de la Educaci\u00f3n: &#8220;Formaci\u00f3n y participaci\u00f3n de los estudiantes en la universidad&#8221;.\n\t\t\t\t<\/dd><\/dl><dl class='gallery-item'>\n\t\t\t<dt class='gallery-icon landscape'>\n\t\t\t\t<a href='https:\/\/www.mariarosabuxarrais.com\/wp-content\/uploads\/Pamplona2010c.jpg' title=\"\" data-rl_title=\"\" class=\"rl-gallery-link\" data-rl_caption=\"\" data-rel=\"lightbox-gallery-1\"><img loading=\"lazy\" decoding=\"async\" width=\"150\" height=\"150\" src=\"https:\/\/www.mariarosabuxarrais.com\/wp-content\/uploads\/Pamplona2010c-150x150.jpg\" class=\"attachment-thumbnail size-thumbnail\" alt=\"Pamplona 2010\" aria-describedby=\"gallery-1-227\" srcset=\"https:\/\/www.mariarosabuxarrais.com\/wp-content\/uploads\/Pamplona2010c-150x150.jpg 150w, https:\/\/www.mariarosabuxarrais.com\/wp-content\/uploads\/Pamplona2010c-96x96.jpg 96w, https:\/\/www.mariarosabuxarrais.com\/wp-content\/uploads\/Pamplona2010c-24x24.jpg 24w, https:\/\/www.mariarosabuxarrais.com\/wp-content\/uploads\/Pamplona2010c-36x36.jpg 36w, https:\/\/www.mariarosabuxarrais.com\/wp-content\/uploads\/Pamplona2010c-48x48.jpg 48w, https:\/\/www.mariarosabuxarrais.com\/wp-content\/uploads\/Pamplona2010c-64x64.jpg 64w\" sizes=\"auto, (max-width: 150px) 100vw, 150px\" \/><\/a>\n\t\t\t<\/dt>\n\t\t\t\t<dd class='wp-caption-text gallery-caption' id='gallery-1-227'>\n\t\t\t\tJornada &#8220;Educar para la comunicaci\u00f3n y la cooperaci\u00f3n social&#8221;.\n\t\t\t\t<\/dd><\/dl><dl class='gallery-item'>\n\t\t\t<dt class='gallery-icon landscape'>\n\t\t\t\t<a href='https:\/\/www.mariarosabuxarrais.com\/wp-content\/uploads\/1997c1.jpg' title=\"\" data-rl_title=\"\" class=\"rl-gallery-link\" data-rl_caption=\"\" data-rel=\"lightbox-gallery-1\"><img loading=\"lazy\" decoding=\"async\" width=\"150\" height=\"150\" src=\"https:\/\/www.mariarosabuxarrais.com\/wp-content\/uploads\/1997c1-150x150.jpg\" class=\"attachment-thumbnail size-thumbnail\" alt=\"CITE 1997\" aria-describedby=\"gallery-1-233\" srcset=\"https:\/\/www.mariarosabuxarrais.com\/wp-content\/uploads\/1997c1-150x150.jpg 150w, https:\/\/www.mariarosabuxarrais.com\/wp-content\/uploads\/1997c1-96x96.jpg 96w, https:\/\/www.mariarosabuxarrais.com\/wp-content\/uploads\/1997c1-24x24.jpg 24w, https:\/\/www.mariarosabuxarrais.com\/wp-content\/uploads\/1997c1-36x36.jpg 36w, https:\/\/www.mariarosabuxarrais.com\/wp-content\/uploads\/1997c1-48x48.jpg 48w, https:\/\/www.mariarosabuxarrais.com\/wp-content\/uploads\/1997c1-64x64.jpg 64w\" sizes=\"auto, (max-width: 150px) 100vw, 150px\" \/><\/a>\n\t\t\t<\/dt>\n\t\t\t\t<dd class='wp-caption-text gallery-caption' id='gallery-1-233'>\n\t\t\t\tVI Congreso Interuniversitario de Teor\u00eda de la Educaci\u00f3n: Educaci\u00f3n Moral. \n\t\t\t\t<\/dd><\/dl><dl class='gallery-item'>\n\t\t\t<dt class='gallery-icon landscape'>\n\t\t\t\t<a href='https:\/\/www.mariarosabuxarrais.com\/wp-content\/uploads\/Berkowitz1991.png' title=\"\" data-rl_title=\"\" class=\"rl-gallery-link\" data-rl_caption=\"\" data-rel=\"lightbox-gallery-1\"><img loading=\"lazy\" decoding=\"async\" width=\"150\" height=\"150\" src=\"https:\/\/www.mariarosabuxarrais.com\/wp-content\/uploads\/Berkowitz1991-150x150.png\" class=\"attachment-thumbnail size-thumbnail\" alt=\"Berkowitz1991\" aria-describedby=\"gallery-1-412\" srcset=\"https:\/\/www.mariarosabuxarrais.com\/wp-content\/uploads\/Berkowitz1991-150x150.png 150w, https:\/\/www.mariarosabuxarrais.com\/wp-content\/uploads\/Berkowitz1991-96x96.png 96w, https:\/\/www.mariarosabuxarrais.com\/wp-content\/uploads\/Berkowitz1991-24x24.png 24w, https:\/\/www.mariarosabuxarrais.com\/wp-content\/uploads\/Berkowitz1991-36x36.png 36w, https:\/\/www.mariarosabuxarrais.com\/wp-content\/uploads\/Berkowitz1991-48x48.png 48w, https:\/\/www.mariarosabuxarrais.com\/wp-content\/uploads\/Berkowitz1991-64x64.png 64w\" sizes=\"auto, (max-width: 150px) 100vw, 150px\" \/><\/a>\n\t\t\t<\/dt>\n\t\t\t\t<dd class='wp-caption-text gallery-caption' id='gallery-1-412'>\n\t\t\t\tVisita acad\u00e9mica de Marvin W. Berkowitz. \n\t\t\t\t<\/dd><\/dl><br style=\"clear: both\" \/>\n\t\t<\/div>\n\n","protected":false},"excerpt":{"rendered":"<p>&nbsp;<\/p>\n","protected":false},"author":2,"featured_media":0,"parent":0,"menu_order":0,"comment_status":"closed","ping_status":"open","template":"","meta":{"footnotes":""},"class_list":["post-58","page","type-page","status-publish","hentry"],"_links":{"self":[{"href":"https:\/\/www.mariarosabuxarrais.com\/en\/wp-json\/wp\/v2\/pages\/58","targetHints":{"allow":["GET"]}}],"collection":[{"href":"https:\/\/www.mariarosabuxarrais.com\/en\/wp-json\/wp\/v2\/pages"}],"about":[{"href":"https:\/\/www.mariarosabuxarrais.com\/en\/wp-json\/wp\/v2\/types\/page"}],"author":[{"embeddable":true,"href":"https:\/\/www.mariarosabuxarrais.com\/en\/wp-json\/wp\/v2\/users\/2"}],"replies":[{"embeddable":true,"href":"https:\/\/www.mariarosabuxarrais.com\/en\/wp-json\/wp\/v2\/comments?post=58"}],"version-history":[{"count":36,"href":"https:\/\/www.mariarosabuxarrais.com\/en\/wp-json\/wp\/v2\/pages\/58\/revisions"}],"predecessor-version":[{"id":1429,"href":"https:\/\/www.mariarosabuxarrais.com\/en\/wp-json\/wp\/v2\/pages\/58\/revisions\/1429"}],"wp:attachment":[{"href":"https:\/\/www.mariarosabuxarrais.com\/en\/wp-json\/wp\/v2\/media?parent=58"}],"curies":[{"name":"wp","href":"https:\/\/api.w.org\/{rel}","templated":true}]}}