{"id":304,"date":"2013-06-05T23:07:21","date_gmt":"2013-06-05T23:07:21","guid":{"rendered":"http:\/\/www.mariarosabuxarrais.com\/?page_id=304"},"modified":"2014-11-29T17:39:22","modified_gmt":"2014-11-29T16:39:22","slug":"conferencias","status":"publish","type":"page","link":"https:\/\/www.mariarosabuxarrais.com\/en\/conferencias\/","title":{"rendered":"Lectures"},"content":{"rendered":"<p><\/p>\n<p><img loading=\"lazy\" decoding=\"async\" class=\"alignnone size-full wp-image-97\" alt=\"Icono notebook\" src=\"https:\/\/www.mariarosabuxarrais.com\/wp-content\/uploads\/conferencia.png\" width=\"32\" height=\"32\" \/> National<\/p>\n<ul style=\"text-align: left;\">\n<li><a href=\"javascript:animatedcollapse.toggle('ConfNatConf')\">Lectures<\/a><\/li>\n<\/ul>\n<div id=\"ConfNatConf\" style=\"text-align: center; padding: 10px 10px; background-color: #eeeeee; background-image: none; background-repeat: repeat; background-attachment: scroll; background-position: 0% 50%; width: 650px; display: none;\">\n<ul style=\"text-align: left;\">\n<li>22\/01\/2013: Noves concepcions de l\u2019aprenentatge i l\u2019educaci\u00f3. Seminari d&#8217;Educaci\u00f3 Virtual: Aprenentatge i educaci\u00f3 a la societat digital. Universitat de Barcelona.<\/li>\n<li>3\/06\/2011: Xerrada-Col\u00b7loqui: La for\u00e7a del Voluntariat. Ajuntament de Torroella de Montgri, Girona.<\/li>\n<li>19\/05\/2011: Conciliaci\u00f3 i corresponsabilitat a la llar. 200 Sopar Hora Europea. Fundaci\u00f3 \u00c0mbit Maria Corral. Barcelona.<\/li>\n<li>7\/04\/2011: Bones maneres en la societat el segle XXI. Centre d\u2019Estudis Gresol. Matadepera, Barcelona.<\/li>\n<li>30\/06\/2010: Educaci\u00f3n en valores en la familia. Escuela Alemana en Barcelona.<\/li>\n<li>23\/10\/2009: Los entornos de socializaci\u00f3n y sus respuestas educativas. Las TIC en la vida de los menores. VIII Jornadas de Menores en Situaci\u00f3n de Riesgo. Proyecto Hombre- Fundaci\u00f3n Aldaba. Oviedo.<\/li>\n<li>3\/12\/2008: Joventut, familia i valors en temps canviants. Seminari Commemoratiu del Centenari de la Junta de Protecci\u00f3 de la Inf\u00e0ncia. Secci\u00f3 de Filosofia i Ci\u00e8ncies Socials de l\u2019Institut d\u2019Estudis Catalans i el Departament de Just\u00edcia de la Generalitat de Catalunya. Barcelona.<\/li>\n<li>27\/10\/2008: Les families i l\u2019educaci\u00f3 en valors de la ciutadania. Comissi\u00f3 de la Inf\u00e0ncia de Just\u00edcia i Pau. Llibreria LAIE. Barcelona. <\/li>\n<li>5\/04\/2008: Les actituds: un contingut d\u2019aprenentatge. XX Jornada Pedag\u00f2gica de l\u2019Escola Pia de Sabadell. Sabadell, Barcelona.<\/li>\n<li>14\/02\/2008: Posar l\u00edmits: educar en la contenci\u00f3 del desig. Escola Infant Jes\u00fas. Programa Fam\u00edlia Forum. Fundaci\u00f3 Claret. Barcelona.<\/li>\n<li>15\/01\/2008: L\u2019educaci\u00f3 dels infants i adolescents \u00e9s a les nostres mans. Centre Escolar Valldaura. Programa Fam\u00edlia Forum. Fundaci\u00f3 Claret. Barcelona.<\/li>\n<li>11\/12\/2007: Conviv\u00e8ncia i educaci\u00f3 en valors. L\u00ednies d\u2019actuaci\u00f3 en innovaci\u00f3 educativa i formaci\u00f3 del professorat. Direcci\u00f3 General d\u2019Innovaci\u00f3 i Formaci\u00f3 del Professorat. Generalitat de Catalunya. Palma de Mallorca.<\/li>\n<li>29\/11\/2007: En quin ambient neix el nostre fill? Escola Infant Jes\u00fas de Barcelona. Programa Fam\u00edlia Forum. Fundaci\u00f3 Claret. Barcelona.<\/li>\n<li>21\/06\/2007: Convivencia y educaci\u00f3n en valores. Plan Provincial de Formaci\u00f3n del Profesorado. Centro de Profesores de Albacete. Albacete.<\/li>\n<li>17\/03\/2007: Com es transmeten i s\u2019aprenen els valors? Escola de Pares i Matres de l\u2019Ajuntament de La S\u00e8nia. Programa Fam\u00edlia Forum. Fundaci\u00f3 Claret. Barcelona.<\/li>\n<li>6\/06\/2006: La manera de ser tamb\u00e9 educa. CEIP Josep Maria Ciurana. Sant Boi de Llobregat. Programa Fam\u00edlia Forum. Fundaci\u00f3 Claret. Barcelona.<\/li>\n<li>4\/06\/2006: Volem infants feli\u00e7os i alegres. Escola Mowgli d\u2019Igualada. Programa Fam\u00edlia Forum. Fundaci\u00f3 Claret. Barcelona. <\/li>\n<li>30\/03\/2006: La responsabilitat de la familia i l\u2019escola en l\u2019educaci\u00f3 en valors. XX Cicle de Confer\u00e8ncies sobre Educaci\u00f3, Familia i Societat. Escola Gresol. Matadepera. <\/li>\n<li>18\/10\/2005: El tractament pedag\u00f2gic de la difer\u00e8ncia. Educar en el civisme. Institut de Ci\u00e8ncies de l\u2019Educaci\u00f3. Universitat de Girona. Girona.<\/li>\n<li>5\/09\/2005: La tutoria com espai d\u2019educaci\u00f3 en valors. Col\u00b7legi Sant Miquel dels Sants, Vic, Barcelona.<\/li>\n<li>9\/09\/2004: Valors i responsabilitat en l\u2019educaci\u00f3 vial. Guardia Urbana de Barcelona. Edifici Mapfre. Barcelona.<\/li>\n<li>26\/04\/2004: Estrategias para la educaci\u00f3n en valores. IES Los Enlaces. Zaragoza. <\/li>\n<li>30\/01\/2004: Introducci\u00f3 a l\u2019educaci\u00f3 en valors. Cicle de Confer\u00e8ncies sobre Educaci\u00f3 en Valors. Ajuntament de Vallromanes i Associaci\u00f3 de Mares i Pares de l\u2019Escola Tres Pins. Vallromanes, Barcelona.<\/li>\n<li>21\/11\/2003: Los valores en la educaci\u00f3n secundaria. Centro de Profesores y Recursos de Zaragoza, Zaragoza.<\/li>\n<li>23\/06\/2003: El voluntariado: una forma de practicar el valor de la solidaridad. Consejer\u00eda de Gobernaci\u00f3n de la Junta de Andaluc\u00eda en materia de Voluntariado. Sevilla. <\/li>\n<li>16\/01\/2003: Noves addiccions. Sopar Hora Europea. Fundaci\u00f3 Ambit Maria Corral d\u2019Investigaci\u00f3 i Difusi\u00f3. Barcelona. <\/li>\n<li>14\/12\/2002: Com ha de ser la formaci\u00f3 dels educadors? Escoltes catalans i Fundaci\u00f3 Escola Josep Carol. 20 Anys de l\u2019Escola Forca. Barcelona.<\/li>\n<li>9\/12\/2002: La influ\u00e8ncia dels mitjans de comunicaci\u00f3 en els infants. AMPA Sagrat Cor de Sarri\u00e0. Barcelona.<\/li>\n<li>15\/05\/2002: La influencia de les TIC a la vida dels nens i les nenes. V Jornades Educatives. Escola Frederic Mistral. Escola Aven\u00e7. Escola Jaume Fuster. Fundaci\u00f3 Collserola. Barcelona.<\/li>\n<\/ul>\n<div style=\"text-align: center;\"><a href=\"javascript:animatedcollapse.toggle('ConfNatConf')\">Top<img decoding=\"async\" alt=\"\" src=\"https:\/\/www.mariarosabuxarrais.com\/wp-content\/uploads\/top.png\" \/><\/a><\/div>\n<\/div>\n<ul style=\"text-align: left;\">\n<\/ul>\n<ul style=\"text-align: left;\">\n<li><a href=\"javascript:animatedcollapse.toggle('ConfNatPonInv')\">Keynotes<\/a><\/li>\n<\/ul>\n<div id=\"ConfNatPonInv\" style=\"text-align: center; padding: 10px 10px; background-color: #eeeeee; background-image: none; background-repeat: repeat; background-attachment: scroll; background-position: 0% 50%; width: 650px; display: none;\">\n<ul style=\"text-align: left;\">\n<li>28\/10\/2010: Uso educativo de las redes sociales y participaci\u00f3n social. Jornada Educar para la comunicaci\u00f3n y la cooperaci\u00f3n social. Pamplona. <\/li>\n<li>28\/09\/2010: Impacto socioecon\u00f3mico en las culturas familiares y sus valores. Congreso 2010 FAD. El Impacto de la crisis sobre unas familias en cambio.  Madrid. <\/li>\n<li>23\/11\/2009: Como educar en la competencia social y ciudadana. XXIII Encontro Galego-Portugu\u00e9s de Educadoras\/es por la paz. Lugo. <\/li>\n<li>12\/11\/2008: La perspectiva de g\u00e9nero en los curricula: hacia la igualdad en la educaci\u00f3n. XI Congreso Nacional de Teor\u00eda de la Educaci\u00f3n, \u201cEducaci\u00f3n, G\u00e9nero y Pol\u00edticas de Igualdad\u201d. Valencia. <\/li>\n<li>27\/11\/2008: La formaci\u00f3n del profesorado en educaci\u00f3n en valores como forma de prevenci\u00f3n de conflictos y bullying. I Congreso Nacional sobre Convivencia y Resoluci\u00f3n de Conflictos en Contextos Socioeducativos. M\u00e1laga.<\/li>\n<li>2\/03\/2008: La educaci\u00f3n en valores. Jornadas para la mejora de la convivencia. El fomento del desarrollo de la convivencia: la convivencia en positivo. Ministerio de Educaci\u00f3n. Madrid. <\/li>\n<li>8\/02\/2008: O reto da educaci\u00f3n en valores hoxe. Jornada Valora. Xunta de Galicia. Santiago de Compostela. <\/li>\n<li>24\/10\/2006: Valores y educaci\u00f3n moral en la Secundaria. Los adolescentes de hoy, adultos de ma\u00f1ana. Centro de Investigaci\u00f3n de Criminologia. Universidad Castilla La Mancha. Albacete. <\/li>\n<li>14\/03\/2005: La necessitat i urgencia d\u2019educar en valors avui. Jornades d\u2019Educaci\u00f3 en Valors. Universitat Rovira i Virgili. Tarragona.<\/li>\n<li>15\/10\/2003: La participaci\u00f3 com element catalitzador dels processos educatius. Jornada d\u2019Innovaci\u00f3 Estrat\u00e8gica. Fundaci\u00f3 Polit\u00e9cnica de Catalunya. Barcelona.<\/li>\n<\/ul>\n<div style=\"text-align: center;\"><a href=\"javascript:animatedcollapse.toggle('ConfNatPonInv')\">Top<img decoding=\"async\" alt=\"\" src=\"https:\/\/www.mariarosabuxarrais.com\/wp-content\/uploads\/top.png\" \/><\/a><\/div>\n<\/div>\n<p><img loading=\"lazy\" decoding=\"async\" class=\"alignnone size-full wp-image-97\" alt=\"Icono notebook\" src=\"https:\/\/www.mariarosabuxarrais.com\/wp-content\/uploads\/conferencia.png\" width=\"32\" height=\"32\" \/> International<\/p>\n<ul style=\"text-align: left;\">\n<\/ul>\n<ul style=\"text-align: left;\">\n<li><a href=\"javascript:animatedcollapse.toggle('ConfInterConf')\">Lectures<\/a><\/li>\n<\/ul>\n<div id=\"ConfInterConf\" style=\"text-align: center; padding: 10px 10px; background-color: #eeeeee; background-image: none; background-repeat: repeat; background-attachment: scroll; background-position: 0% 50%; width: 650px; display: none;\">\n<ul style=\"text-align: left;\">\n<li>2\/10\/2014: Management of Emotions and Feelings in Values Education: The Ethics of Care. 10th International Conference on Values Education. Pachuca, Hidalgo, Mexico.<\/li>\n<li>26\/07\/2012: El clima moral de la instituci\u00f3n educativa. Jornada para directores de centros educativos de la Rep\u00fablica Dominicana. Santo Domingo. Rep\u00fablica Dominicana.<\/li>\n<li>30\/11\/2009: La educaci\u00f3n en valores como construcci\u00f3n de la personalidad \u00e9tica. 1\u00ba Congreso Internacional de Educaci\u00f3n en Valores. Pachuca, Hidalgo, M\u00e9xico.<\/li>\n<li>31\/11\/2009: Feminizar a educaci\u00f3n. Hacia una \u00e9tica del cuidado. 1\u00ba Congreso Internacional de Educaci\u00f3n en Valores. Pachuca, Hidalgo, M\u00e9xico.<\/li>\n<li>11\/11\/2008: Educaci\u00f3n ciudadana para el fortalecimiento de la cultura democr\u00e1tica. Direcci\u00f3n de Educaci\u00f3n C\u00edvica. Instituto Electoral del Distrito Federal. M\u00e9xico. <\/li>\n<li>10\/09\/2008: La ense\u00f1anza de la ciudadan\u00eda y los valores en M\u00e9xico y Espa\u00f1a. Colegio Madrid. M\u00e9xico D.F. <\/li>\n<li>8\/03\/2008: Familia y escuela: una alianza para la formaci\u00f3n integral en la educaci\u00f3n primaria. Seminario Internacional de Educaci\u00f3n Integral. Edicions SM. Ciudad de M\u00e9xico, M\u00e9xico.<\/li>\n<li>19\/10\/2006: Juventud y Violencia. Taller de Especialistas. Educaci\u00f3n en Valores: Una propuesta interdisciplinaria para la problem\u00e1tica de la violencia en la juventud actual. Universidad de San Jos\u00e9 de Costa Rica. San Jos\u00e9 de Costa Rica. Costa Rica. <\/li>\n<li>5\/10\/2006: Los desaf\u00edos de la \u00c9tica en Educaci\u00f3n. Universidad de Costa Rica. Sede de Occidente. San Ram\u00f3n. Costa Rica.<\/li>\n<li>6\/11\/2002: Educaci\u00f3 c\u00edvica y \u00e9tica en primaria. Ambito socio-afectivo en la formaci\u00f3n valoral. Secretaria de Educaci\u00f3n P\u00fablica. M\u00e9xico D.F.<\/li>\n<li>10\/10\/2002: La educaci\u00f3n en valores en los diferentes contextos educativos. Direcci\u00f3n de Educaci\u00f3n Municipal. Municipalidad de Chill\u00e1n, Chile.<\/li>\n<\/ul>\n<div style=\"text-align: center;\"><a href=\"javascript:animatedcollapse.toggle('ConfInterConf')\">Top<img decoding=\"async\" alt=\"\" src=\"https:\/\/www.mariarosabuxarrais.com\/wp-content\/uploads\/top.png\" \/><\/a><\/div>\n<\/div>\n<ul style=\"text-align: left;\">\n<\/ul>\n<ul style=\"text-align: left;\">\n<li><a href=\"javascript:animatedcollapse.toggle('ConfInterPonInv')\">Keynotes<\/a><\/li>\n<\/ul>\n<div id=\"ConfInterPonInv\" style=\"text-align: center; padding: 10px 10px; background-color: #eeeeee; background-image: none; background-repeat: repeat; background-attachment: scroll; background-position: 0% 50%; width: 650px; display: none;\">\n<ul style=\"text-align: left;\">\n<li>29\/06\/2011: Education and reconcialition for a happy life. 8th International Conference: Home, School and Community: A Partnership for a Happy Life. Milano (Italia).<\/li>\n<li>18\/11\/2011: Moral Education for a Humanist Perspective. 37th Annual Conference of Association for Moral Education. Nanjing (China).<\/li>\n<li>23\/11\/2011: La importancia de los valores en la educaci\u00f3n en contextos rurales. 1er Congreso Internacional de Telesecundaria. An\u00e1lisis y perspectivas de la Educaci\u00f3n. Durango (M\u00e9xico).<\/li>\n<li>20\/11\/2010: A study of the ethical profile of Spanish University students in the European Higher Education Area. 36th Annual Conference of Association for Moral Education. St. Louis. Missouri. USA.<\/li>\n<li>16\/11\/2007: Los valores universales en la Educaci\u00f3n Superior. Universidad Polit\u00e9cnica de Pachuca. Pachuca. M\u00e9xico. <\/li>\n<li>17\/11\/2007: Valores y Diversidad. II Encuentro Iberoamericano de Educaci\u00f3n en Valores. Estado de Hidalgo. Pachuca. M\u00e9xico.<\/li>\n<li>10\/12\/2007: Las familias y la educaci\u00f3n en valores democr\u00e1ticos. XI Congreso Internacional de Educa\u00e7ao Familiar. Universidad de Coimbra. Portugal.<\/li>\n<li>13\/11\/2006: Citizenship Education in Spain: Which values and how to educate them. AME Conference: Getting Involved: Citizenship Development and sources of Moral Values. Fribourg. Suiza.<\/li>\n<li>13\/12\/2006: Transmisi\u00f3n de valores en educaci\u00f3n. I Encuentro de Profesionales del Programa de Fortalecimiento de la Educaci\u00f3n en Valores del Estado de Hidalgo. Secretar\u00eda de Educaci\u00f3n P\u00fablica. SEPH. Pachuca, M\u00e9xico.<\/li>\n<li>12\/12\/2006: La educaci\u00f3n en valores. Ceremonia de Premiaci\u00f3n del Segundo Concurso Nacional de Experiencias Exitosas de Integraci\u00f3n Educativa. Consejo Nacional para prevenir la discriminaci\u00f3n. M\u00e9xico. <\/li>\n<li>20\/11\/2005: Familia y escuela: juntos en la tarea de educar. Congreso Internacional de Familia. Secretaria de Educaci\u00f3n P\u00fablica. Guadalajara, M\u00e9xico.<\/li>\n<li>15\/07\/2004: La educaci\u00f3n en valores en la Educaci\u00f3n Superior. I Encuentro Internacional sobre Educaci\u00f3n Superior y Gesti\u00f3n por Valores. Universidad Aut\u00f3noma Juan Misael Saracho. Tarija. Bolivia.<\/li>\n<li>12\/05\/2001: La ense\u00f1anza de los valores. Benem\u00e9rita Universidad Aut\u00f3noma de Puebla. M\u00e9xico. <\/li>\n<li>4\/04\/2001: T\u00e9cnicas, recursos y evaluaci\u00f3n para educar en valores. Instituto Tecnol\u00f3gico de Monterrey TEC. Campus Monterrey. M\u00e9xico. <\/li>\n<\/ul>\n<div style=\"text-align: center;\"><a href=\"javascript:animatedcollapse.toggle('ConfInterPonInv')\">Top<img decoding=\"async\" alt=\"\" src=\"https:\/\/www.mariarosabuxarrais.com\/wp-content\/uploads\/top.png\" \/><\/a><\/div>\n<\/div>\n<p><\/p>","protected":false},"excerpt":{"rendered":"<p>National Lectures 22\/01\/2013: Noves concepcions de l\u2019aprenentatge i l\u2019educaci\u00f3. Seminari d&#8217;Educaci\u00f3 Virtual: Aprenentatge i educaci\u00f3 a la societat digital. Universitat de Barcelona. 3\/06\/2011: Xerrada-Col\u00b7loqui: La for\u00e7a del Voluntariat. Ajuntament de Torroella de Montgri, Girona. 19\/05\/2011: Conciliaci\u00f3 i corresponsabilitat a la llar. 200 Sopar Hora Europea. Fundaci\u00f3 \u00c0mbit Maria Corral. Barcelona. 7\/04\/2011: Bones maneres en la [&hellip;]<\/p>\n","protected":false},"author":2,"featured_media":0,"parent":0,"menu_order":0,"comment_status":"closed","ping_status":"closed","template":"","meta":{"footnotes":""},"class_list":["post-304","page","type-page","status-publish","hentry"],"_links":{"self":[{"href":"https:\/\/www.mariarosabuxarrais.com\/en\/wp-json\/wp\/v2\/pages\/304","targetHints":{"allow":["GET"]}}],"collection":[{"href":"https:\/\/www.mariarosabuxarrais.com\/en\/wp-json\/wp\/v2\/pages"}],"about":[{"href":"https:\/\/www.mariarosabuxarrais.com\/en\/wp-json\/wp\/v2\/types\/page"}],"author":[{"embeddable":true,"href":"https:\/\/www.mariarosabuxarrais.com\/en\/wp-json\/wp\/v2\/users\/2"}],"replies":[{"embeddable":true,"href":"https:\/\/www.mariarosabuxarrais.com\/en\/wp-json\/wp\/v2\/comments?post=304"}],"version-history":[{"count":49,"href":"https:\/\/www.mariarosabuxarrais.com\/en\/wp-json\/wp\/v2\/pages\/304\/revisions"}],"predecessor-version":[{"id":782,"href":"https:\/\/www.mariarosabuxarrais.com\/en\/wp-json\/wp\/v2\/pages\/304\/revisions\/782"}],"wp:attachment":[{"href":"https:\/\/www.mariarosabuxarrais.com\/en\/wp-json\/wp\/v2\/media?parent=304"}],"curies":[{"name":"wp","href":"https:\/\/api.w.org\/{rel}","templated":true}]}}