{"id":25,"date":"2012-08-14T19:36:19","date_gmt":"2012-08-14T19:36:19","guid":{"rendered":"http:\/\/www.mariarosabuxarrais.com\/?page_id=25"},"modified":"2018-10-05T21:10:30","modified_gmt":"2018-10-05T19:10:30","slug":"capitulos","status":"publish","type":"page","link":"https:\/\/www.mariarosabuxarrais.com\/en\/publicaciones\/capitulos\/","title":{"rendered":"Book chapters"},"content":{"rendered":"<p><\/p>\n<table style=\"text-align: left; width: 100%;\" border=\"0\" cellspacing=\"2\" cellpadding=\"2\">\n<tbody>\n<tr>\n<td style=\"vertical-align: top; width: 249px; text-align: center;\"><a href=\"https:\/\/www.mariarosabuxarrais.com\/wp-content\/uploads\/BChap201807.jpg\" data-rel=\"lightbox-image-0\" data-imagelightbox=\"0\" data-rl_title=\"\" data-rl_caption=\"\" title=\"\"><img loading=\"lazy\" decoding=\"async\" class=\"aligncenter wp-image-919\" src=\"https:\/\/www.mariarosabuxarrais.com\/wp-content\/uploads\/BChap201807.jpg\" alt=\"\" width=\"128\" height=\"162\" \/><\/a><\/td>\n<td style=\"vertical-align: top; width: 1032px;\">\n<strong><span style=\"color: #000000;\">Chapter Title<\/span><\/strong>: Educaci\u00f3n moral y c\u00edvica: una pedagog\u00eda del mirar y del cuidado.<br \/>\n<strong><span style=\"color: #000000;\">Author\/s<\/span><\/strong>: Maria Rosa Buxarrais.<br \/>\n<strong><span style=\"color: #000000;\">Book Title<\/span><\/strong>: La educaci\u00f3n ciudadana en un mundo en transformaci\u00f3n: miradas y propuestas.<br \/>\n<strong><span style=\"color: #000000;\">Year<\/span><\/strong>: 2018<br \/>\n<strong><span style=\"color: #000000;\">Publishing House<\/span><\/strong>: Editorial Octaedro (Espa\u00f1a).<br \/>\n<strong><span style=\"color: #000000;\">ISBN<\/span><\/strong>: 978-84-17219-77-2<\/td>\n<\/tr>\n<tr>\n<td style=\"vertical-align: top; width: 249px; text-align: center;\"><a href=\"https:\/\/www.mariarosabuxarrais.com\/wp-content\/uploads\/BCh2015.jpg\" data-rel=\"lightbox-image-1\" data-imagelightbox=\"1\" data-rl_title=\"\" data-rl_caption=\"\" title=\"\"><img loading=\"lazy\" decoding=\"async\" class=\"aligncenter wp-image-919\" src=\"https:\/\/www.mariarosabuxarrais.com\/wp-content\/uploads\/BCh2015.jpg\" alt=\"\" width=\"108\" height=\"137\" \/><\/a><\/td>\n<td style=\"vertical-align: top; width: 1032px;\">\n<strong><span style=\"color: #000000;\">Chapter Title<\/span><\/strong>: Finalidades y valores educativos. Perspectivas sobre la educaci\u00f3n moral y la educaci\u00f3n en valores.<br \/>\n<strong><span style=\"color: #000000;\">Author\/s<\/span><\/strong>: Maria Rosa Buxarrais.<br \/>\n<strong><span style=\"color: #000000;\">Book Title<\/span><\/strong>: La educaci\u00f3n repensada. Din\u00e1micas de continuidad y cambio.<br \/>\n<strong><span style=\"color: #000000;\">Year<\/span><\/strong>: 2015<br \/>\n<strong><span style=\"color: #000000;\">Publishing House<\/span><\/strong>: Ediciones Pir\u00e1mide (Espa\u00f1a).<br \/>\n<strong><span style=\"color: #000000;\">ISBN<\/span><\/strong>: 978-84-368-3431-4<\/td>\n<\/tr>\n<tr>\n<td style=\"vertical-align: top; width: 249px; text-align: center;\"><span style=\"color: #000000;\"><a href=\"https:\/\/www.mariarosabuxarrais.com\/wp-content\/uploads\/2013-Handbook.jpg\" data-rel=\"lightbox-image-2\" data-imagelightbox=\"2\" data-rl_title=\"\" data-rl_caption=\"\" title=\"\"><span style=\"color: #000000;\"><img loading=\"lazy\" decoding=\"async\" class=\"alignnone wp-image-320\" src=\"https:\/\/www.mariarosabuxarrais.com\/wp-content\/uploads\/2013-Handbook-200x300.jpg\" alt=\"\" width=\"108\" height=\"162\" srcset=\"https:\/\/www.mariarosabuxarrais.com\/wp-content\/uploads\/2013-Handbook-200x300.jpg 200w, https:\/\/www.mariarosabuxarrais.com\/wp-content\/uploads\/2013-Handbook.jpg 300w\" sizes=\"auto, (max-width: 108px) 100vw, 108px\" \/><\/span><\/a><\/span><\/td>\n<td style=\"vertical-align: top; width: 1032px;\">\n<strong><span style=\"color: #000000;\">Chapter Title<\/span><\/strong>: Why Moral Education is Motivating by Nature<br \/>\n<strong><span style=\"color: #000000;\">Author\/s<\/span><\/strong>: Francisco Esteban y Maria Rosa Buxarrais.<br \/>\n<strong><span style=\"color: #000000;\">Book Title<\/span><\/strong>: Handbook of Moral Motivation: Theories, Models, Applications.<br \/>\n<strong><span style=\"color: #000000;\">Year<\/span><\/strong>: 2013<br \/>\n<strong><span style=\"color: #000000;\">Publishing House<\/span><\/strong>: Sense Publishers. Rotterdam (The Netherlands).<br \/>\n<strong><span style=\"color: #000000;\">ISBN<\/span><\/strong>: 9462092737<\/td>\n<\/tr>\n<tr>\n<td style=\"vertical-align: top; width: 249px; text-align: center;\"><a href=\"https:\/\/www.mariarosabuxarrais.com\/wp-content\/uploads\/2011-EducationAndHuman.jpg\" data-rel=\"lightbox-image-3\" data-imagelightbox=\"3\" data-rl_title=\"\" data-rl_caption=\"\" title=\"\"><img loading=\"lazy\" decoding=\"async\" class=\"wp-image-288 aligncenter\" src=\"https:\/\/www.mariarosabuxarrais.com\/wp-content\/uploads\/2011-EducationAndHuman-202x300.jpg\" alt=\"\" width=\"109\" height=\"162\" srcset=\"https:\/\/www.mariarosabuxarrais.com\/wp-content\/uploads\/2011-EducationAndHuman-202x300.jpg 202w, https:\/\/www.mariarosabuxarrais.com\/wp-content\/uploads\/2011-EducationAndHuman.jpg 304w\" sizes=\"auto, (max-width: 109px) 100vw, 109px\" \/><\/a><\/td>\n<td style=\"vertical-align: top; width: 1032px;\">\n<strong><span style=\"color: #000000;\">Chapter Title<\/span><\/strong>: Moral Education from a Humanist Perspective.<br \/>\n<strong><span style=\"color: #000000;\">Author\/s<\/span><\/strong>: Maria Rosa Buxarrais y Francisco Esteban.<br \/>\n<strong><span style=\"color: #000000;\">Book Title<\/span><\/strong>: Education and Humanism. Linking Autonomy and Humanity.<br \/>\n<strong><span style=\"color: #000000;\">Year<\/span><\/strong>: 2011<br \/>\n<strong><span style=\"color: #000000;\">Publishing House<\/span><\/strong>: Sense Publishers. Rotterdam (Pa\u00edses Bajos).<br \/>\n<strong><span style=\"color: #000000;\">ISBN<\/span><\/strong>: 9460915752<\/td>\n<\/tr>\n<tr>\n<td style=\"vertical-align: top; width: 249px;\"><a href=\"https:\/\/www.mariarosabuxarrais.com\/wp-content\/uploads\/2003-TeachingIn.jpg\" data-rel=\"lightbox-image-4\" data-imagelightbox=\"4\" data-rl_title=\"\" data-rl_caption=\"\" title=\"\"><img loading=\"lazy\" decoding=\"async\" class=\"wp-image-285 aligncenter\" src=\"https:\/\/www.mariarosabuxarrais.com\/wp-content\/uploads\/2003-TeachingIn-218x300.jpg\" alt=\"\" width=\"118\" height=\"162\" srcset=\"https:\/\/www.mariarosabuxarrais.com\/wp-content\/uploads\/2003-TeachingIn-218x300.jpg 218w, https:\/\/www.mariarosabuxarrais.com\/wp-content\/uploads\/2003-TeachingIn.jpg 328w\" sizes=\"auto, (max-width: 118px) 100vw, 118px\" \/><\/a><\/td>\n<td style=\"vertical-align: top; width: 1032px;\">\n<strong><span style=\"color: #000000;\">Chapter Title<\/span><\/strong>: Teachers Evaluate the Moral Development of their Students.<br \/>\n<strong><span style=\"color: #000000;\">Author\/s<\/span><\/strong>: Maria Rosa Buxarrais, Miquel Mart\u00ednez, Elena Noguera y Am\u00e8lia Tey.<br \/>\n<strong><span style=\"color: #000000;\">Book Title<\/span><\/strong>: Teaching in Moral and Democratic Education.<br \/>\n<strong><span style=\"color: #000000;\">Year<\/span><\/strong>: 2003<br \/>\n<strong><span style=\"color: #000000;\">Publishing House<\/span><\/strong>: Peter Lang. Bern (Suiza).<br \/>\n<strong><span style=\"color: #000000;\">ISBN<\/span><\/strong>: 3039101196<\/td>\n<\/tr>\n<\/tbody>\n<\/table>\n<p><\/p>","protected":false},"excerpt":{"rendered":"<p>Chapter Title: Educaci\u00f3n moral y c\u00edvica: una pedagog\u00eda del mirar y del cuidado. Author\/s: Maria Rosa Buxarrais. Book Title: La educaci\u00f3n ciudadana en un mundo en transformaci\u00f3n: miradas y propuestas. Year: 2018 Publishing House: Editorial Octaedro (Espa\u00f1a). ISBN: 978-84-17219-77-2 Chapter Title: Finalidades y valores educativos. Perspectivas sobre la educaci\u00f3n moral y la educaci\u00f3n en valores. [&hellip;]<\/p>\n","protected":false},"author":2,"featured_media":0,"parent":13,"menu_order":0,"comment_status":"closed","ping_status":"open","template":"","meta":{"footnotes":""},"class_list":["post-25","page","type-page","status-publish","hentry"],"_links":{"self":[{"href":"https:\/\/www.mariarosabuxarrais.com\/en\/wp-json\/wp\/v2\/pages\/25","targetHints":{"allow":["GET"]}}],"collection":[{"href":"https:\/\/www.mariarosabuxarrais.com\/en\/wp-json\/wp\/v2\/pages"}],"about":[{"href":"https:\/\/www.mariarosabuxarrais.com\/en\/wp-json\/wp\/v2\/types\/page"}],"author":[{"embeddable":true,"href":"https:\/\/www.mariarosabuxarrais.com\/en\/wp-json\/wp\/v2\/users\/2"}],"replies":[{"embeddable":true,"href":"https:\/\/www.mariarosabuxarrais.com\/en\/wp-json\/wp\/v2\/comments?post=25"}],"version-history":[{"count":57,"href":"https:\/\/www.mariarosabuxarrais.com\/en\/wp-json\/wp\/v2\/pages\/25\/revisions"}],"predecessor-version":[{"id":1584,"href":"https:\/\/www.mariarosabuxarrais.com\/en\/wp-json\/wp\/v2\/pages\/25\/revisions\/1584"}],"up":[{"embeddable":true,"href":"https:\/\/www.mariarosabuxarrais.com\/en\/wp-json\/wp\/v2\/pages\/13"}],"wp:attachment":[{"href":"https:\/\/www.mariarosabuxarrais.com\/en\/wp-json\/wp\/v2\/media?parent=25"}],"curies":[{"name":"wp","href":"https:\/\/api.w.org\/{rel}","templated":true}]}}