{"id":23,"date":"2012-08-14T19:36:00","date_gmt":"2012-08-14T19:36:00","guid":{"rendered":"http:\/\/www.mariarosabuxarrais.com\/?page_id=23"},"modified":"2020-12-09T02:32:18","modified_gmt":"2020-12-09T01:32:18","slug":"libros","status":"publish","type":"page","link":"https:\/\/www.mariarosabuxarrais.com\/en\/publicaciones\/libros\/","title":{"rendered":"Books"},"content":{"rendered":"<p><\/p>\n<table style=\"text-align: left; width: 100%;\" border=\"0\" cellspacing=\"2\" cellpadding=\"2\">\n<tbody>\n<tr>\n<td style=\"vertical-align: top; width: 249px; text-align: justify;\"><a href=\"https:\/\/www.mariarosabuxarrais.com\/wp-content\/uploads\/Libro2018.jpg\" data-rel=\"lightbox-image-0\" data-imagelightbox=\"0\" data-rl_title=\"\" data-rl_caption=\"\"><img loading=\"lazy\" decoding=\"async\" class=\"wp-image-1369 size-full aligncenter\" src=\"https:\/\/www.mariarosabuxarrais.com\/wp-content\/uploads\/Libro2018-e1524089428475.jpg\" alt=\"Book cover\" title=\"\" width=\"117\" height=\"164\" \/><\/a><\/td>\n<td style=\"vertical-align: top; width: 1032px;\"><strong>Title<\/strong>: Una mirada femenina de la educaci\u00f3n moral.<br \/>\n<strong>Author<\/strong>: Mar\u00eda Rosa Buxarrais e Isabel Vilafranca (editors), Ingrid Agud, Ana Ayuste, Mar\u00eda Azevedo, Marta Burguet Arfelis, Antonieta Carre\u00f1o, Raquel Cerc\u00f3s, M\u00f3nica Gij\u00f3n, Mariona Graell, Xus Mart\u00edn, Yolanda Montero, Melania Mu\u00f1oz, Elena Noguera, Ana Novella, N\u00faria Obiols, Montserrat Pay\u00e0 S\u00e1nchez, Karina Rivas, Laura Rubio Serrano, Marina Subirats and Am\u00e8lia Tey.<br \/>\n<strong>Year<\/strong>: 2018<br \/>\n<strong>Publisher<\/strong>: Editorial Descl\u00e9e De Brouwer (Spain).<br \/>\n<strong>ISBN<\/strong>: 978-84-3302-975-1<\/td>\n<\/tr>\n<tr>\n<td style=\"vertical-align: top; width: 249px; text-align: justify;\"><a href=\"https:\/\/www.mariarosabuxarrais.com\/wp-content\/uploads\/Aprender-a-Ser.jpg\" data-rel=\"lightbox-image-1\" data-imagelightbox=\"1\" data-rl_title=\"\" data-rl_caption=\"\"><img loading=\"lazy\" decoding=\"async\" class=\"aligncenter wp-image-1076\" src=\"https:\/\/www.mariarosabuxarrais.com\/wp-content\/uploads\/Aprender-a-Ser-216x300.jpg\" alt=\"Book cover\" title=\"\" width=\"117\" height=\"162\" srcset=\"https:\/\/www.mariarosabuxarrais.com\/wp-content\/uploads\/Aprender-a-Ser-216x300.jpg 216w, https:\/\/www.mariarosabuxarrais.com\/wp-content\/uploads\/Aprender-a-Ser.jpg 300w\" sizes=\"auto, (max-width: 117px) 100vw, 117px\" \/><\/a><\/td>\n<td style=\"vertical-align: top; width: 1032px;\"><strong>Title<\/strong>: Aprender a ser. Por una pedagog\u00eda de la interioridad.<br \/>\n<strong>Author<\/strong>: David Bueno, Marta Burguet, M.\u00aa Rosa Buxarrais, Bartolom\u00e9 Calero, Mar\u00eda Ximena Coria, Ver\u00f3nica del Valle, Paula Gelpi, Josep Llu\u00eds Iriberri, Josep Maria Llull, S\u00edlvia Mart\u00ednez, V\u00edctor Mart\u00ednez, Margarita Mauri, Berta Meneses, Luis N\u00fa\u00f1ez, Eul\u00e0lia Par\u00eds, Marta Ponce, F\u00e1tima Ramos, Clara Romero, Francesc Xavier Serret.<br \/>\n<strong>Year<\/strong>: 2016<br \/>\n<strong>Publisher<\/strong>: Editorial Gra\u00f3 (Spain).<br \/>\n<strong>ISBN<\/strong>: 978-84-9980-750-8<br \/>\n<a href=\"http:\/\/amzn.eu\/iKGLhXH\" target=\"_blank\" rel=\"noopener\"><img loading=\"lazy\" decoding=\"async\" class=\" wp-image-865 size-full alignnone\" title=\"Buy the book in Amazon.es\" src=\"https:\/\/www.mariarosabuxarrais.com\/wp-content\/uploads\/comprarEnAmazon.gif\" alt=\"Logo Amazon\" width=\"170\" height=\"28\" \/><\/a><\/td>\n<\/tr>\n<tr>\n<td style=\"vertical-align: top; width: 249px; text-align: justify;\"><a href=\"https:\/\/www.mariarosabuxarrais.com\/wp-content\/uploads\/Retos.jpg\" data-rel=\"lightbox-image-2\" data-imagelightbox=\"2\" data-rl_title=\"\" data-rl_caption=\"\"><img loading=\"lazy\" decoding=\"async\" class=\"aligncenter wp-image-864\" src=\"https:\/\/www.mariarosabuxarrais.com\/wp-content\/uploads\/Retos-198x300.jpg\" alt=\"Book cover\" title=\"\" width=\"107\" height=\"162\" \/><\/a><\/td>\n<td style=\"vertical-align: top; width: 1032px;\"><strong>Title<\/strong>: Retos educativos para el siglo XXI. Autonom\u00eda, responsabilidad, neurociencia y aprendizaje.<br \/>\n<strong>Author<\/strong>: Maria Rosa Buxarrais, Marta Burguet, Margalida Coll, Gabriela Diker, Francisco Esteban, Joaqu\u00edn Garc\u00eda Carrasco, M\u00f3nica Gij\u00f3n, Mariona Graell, Xavier Laudo, Miquel Mart\u00ednez, Nel Noddings, Ana Mar\u00eda Novella, Montserrat Pay\u00e1, Enric Prats, Laura Rubio, Am\u00e8lia Tey and Ruth Thomas.<br \/>\n<strong>Year<\/strong>: 2015<br \/>\n<strong>Publisher<\/strong>: Editorial Octaedro (Spain).<br \/>\n<strong>ISBN<\/strong>: 978-84-9921-655-3<br \/>\n<a href=\"http:\/\/amzn.eu\/099VT1c\" target=\"_blank\" rel=\"noopener\"><img loading=\"lazy\" decoding=\"async\" class=\" wp-image-865 size-full alignnone\" title=\"Ir a la p\u00e1gina del libro en Amazon.es\" src=\"https:\/\/www.mariarosabuxarrais.com\/wp-content\/uploads\/comprarEnAmazon.gif\" alt=\"Logo Amazon\" width=\"170\" height=\"28\" \/><\/a><\/td>\n<\/tr>\n<tr>\n<td style=\"vertical-align: top; width: 249px; text-align: center;\"><a href=\"https:\/\/www.mariarosabuxarrais.com\/wp-content\/uploads\/portadaLibro.png\" data-rel=\"lightbox-image-3\" data-imagelightbox=\"3\" data-rl_title=\"\" data-rl_caption=\"\"><img loading=\"lazy\" decoding=\"async\" class=\"aligncenter wp-image-802\" src=\"https:\/\/www.mariarosabuxarrais.com\/wp-content\/uploads\/portadaLibro-207x300.png\" alt=\"Book cover\" title=\"\" width=\"112\" height=\"162\" srcset=\"https:\/\/www.mariarosabuxarrais.com\/wp-content\/uploads\/portadaLibro-207x300.png 207w, https:\/\/www.mariarosabuxarrais.com\/wp-content\/uploads\/portadaLibro.png 367w\" sizes=\"auto, (max-width: 112px) 100vw, 112px\" \/><\/a><\/td>\n<td style=\"vertical-align: top; width: 1032px;\"><strong>Title<\/strong>: La conciliaci\u00f3n familiar, laboral, social y personal: una cuesti\u00f3n \u00e9tica.<br \/>\n<strong>Author<\/strong>: Marta Burguet Arfelis, Maria Rosa Buxarrais Estrada, Fernanda Duprat, Alexandro Escudero Nah\u00f3n, Francisco Esteban Bara, Am\u00e8lia Tey Teij\u00f3n and Isabel Vilafranca Mangu\u00e1n.<br \/>\n<strong>Year<\/strong>: 2014<br \/>\n<strong>Publisher<\/strong>: UB Edicions (Spain).<br \/>\n<strong>ISBN<\/strong>: 978-84-4753-879-9<br \/>\n<a href=\"http:\/\/amzn.eu\/j98dxn0\" target=\"_blank\" rel=\"noopener\"><img loading=\"lazy\" decoding=\"async\" class=\" wp-image-865 size-full alignnone\" title=\"Ir a la p\u00e1gina del libro en Amazon.es\" src=\"https:\/\/www.mariarosabuxarrais.com\/wp-content\/uploads\/comprarEnAmazon.gif\" alt=\"Logo Amazon\" width=\"170\" height=\"28\" \/><\/a><\/td>\n<\/tr>\n<tr>\n<td style=\"vertical-align: top; width: 249px; text-align: center;\"><a href=\"https:\/\/www.mariarosabuxarrais.com\/wp-content\/uploads\/2012-Adolescencia.jpg\" data-rel=\"lightbox-image-4\" data-imagelightbox=\"4\" data-rl_title=\"\" data-rl_caption=\"\"><img loading=\"lazy\" decoding=\"async\" class=\"alignnone wp-image-313\" src=\"https:\/\/www.mariarosabuxarrais.com\/wp-content\/uploads\/2012-Adolescencia-191x300.jpg\" alt=\"Book cover\" title=\"\" width=\"104\" height=\"162\" srcset=\"https:\/\/www.mariarosabuxarrais.com\/wp-content\/uploads\/2012-Adolescencia-191x300.jpg 191w, https:\/\/www.mariarosabuxarrais.com\/wp-content\/uploads\/2012-Adolescencia.jpg 287w\" sizes=\"auto, (max-width: 104px) 100vw, 104px\" \/><\/a><\/td>\n<td style=\"vertical-align: top; width: 1032px;\"><strong>Title<\/strong>: Adolescencia, aprendizaje y personalidad. Problemas y soluciones en la educaci\u00f3n secundaria.<br \/>\n<strong>Author<\/strong>: Vicente Garrido, Miquel Mart\u00ednez, Carles Freixa, Merc\u00e8 Garcia-Mila Palaudarias, Eduardo Mart\u00ed Sala, Mariano Mar\u00edn Gordillo, Amelia Tey Teij\u00f3n, Isabel Paula, Mar\u00eda Rosa Buxarrais, Antoni Giner Tarrida and Jordi Nomen Recio.<br \/>\n<strong>Year<\/strong>: 2012<br \/>\n<strong>Publisher<\/strong>: Sello Editorial (Spain).<br \/>\n<strong>ISBN<\/strong>: 978-84-1513-205-9<br \/>\n<a href=\"http:\/\/amzn.eu\/iKBS4Mr\" target=\"_blank\" rel=\"noopener\"><img loading=\"lazy\" decoding=\"async\" class=\" wp-image-865 size-full alignnone\" title=\"Ir a la p\u00e1gina del libro en Amazon.es\" src=\"https:\/\/www.mariarosabuxarrais.com\/wp-content\/uploads\/comprarEnAmazon.gif\" alt=\"Logo Amazon\" width=\"170\" height=\"28\" \/><\/a><\/td>\n<\/tr>\n<tr>\n<td style=\"vertical-align: top; width: 249px; text-align: center;\"><a href=\"https:\/\/www.mariarosabuxarrais.com\/wp-content\/uploads\/BuxZel2007.jpg\" data-rel=\"lightbox-image-5\" data-imagelightbox=\"5\" data-rl_title=\"\" data-rl_caption=\"\"><img loading=\"lazy\" decoding=\"async\" class=\"aligncenter wp-image-1717 size-full\" src=\"https:\/\/www.mariarosabuxarrais.com\/wp-content\/uploads\/BuxZel2007.jpg\" alt=\"Book cover\" title=\"\" width=\"300\" height=\"444\" srcset=\"https:\/\/www.mariarosabuxarrais.com\/wp-content\/uploads\/BuxZel2007.jpg 300w, https:\/\/www.mariarosabuxarrais.com\/wp-content\/uploads\/BuxZel2007-203x300.jpg 203w\" sizes=\"auto, (max-width: 300px) 100vw, 300px\" \/><\/a><\/td>\n<td style=\"vertical-align: top; width: 1032px;\"><strong>Title<\/strong>: Las familias y la educaci\u00f3n en valores democr\u00e1ticos: retos y perspectivas actuales.<br \/>\n<strong>Author<\/strong>: Maria Rosa Buxarrais Estrada, Mar\u00eda Pilar Zeled\u00f3n Ruiz, Adelina Gimeno Collado, Mar\u00eda del Luj\u00e1n Gonz\u00e1lez Tornar\u00eda, Jes\u00fas Palacios Gonz\u00e1lez, Carmen Valdivia S\u00e1nchez, Ignasi Vila Mendiburu, Conrad Vilanou Torrano and Francisco Andr\u00e9s Orizo.<br \/>\n<strong>Year<\/strong>: 2007<br \/>\n<strong>Publisher<\/strong>: Editorial Claret. Barcelona (Spain).<br \/>\n<strong>ISBN<\/strong>: 978-84-9846-001-8<\/td>\n<\/tr>\n<tr>\n<td style=\"vertical-align: top; width: 249px; text-align: center;\"><a href=\"https:\/\/www.mariarosabuxarrais.com\/wp-content\/uploads\/2004PZL.jpg\" data-rel=\"lightbox-image-6\" data-imagelightbox=\"6\" data-rl_title=\"\" data-rl_caption=\"\"><img loading=\"lazy\" decoding=\"async\" class=\"aligncenter wp-image-876\" src=\"https:\/\/www.mariarosabuxarrais.com\/wp-content\/uploads\/2004PZL-214x300.jpg\" alt=\"Book cover\" title=\"\" width=\"115\" height=\"162\" srcset=\"https:\/\/www.mariarosabuxarrais.com\/wp-content\/uploads\/2004PZL-214x300.jpg 214w, https:\/\/www.mariarosabuxarrais.com\/wp-content\/uploads\/2004PZL.jpg 300w\" sizes=\"auto, (max-width: 115px) 100vw, 115px\" \/><\/a><\/td>\n<td style=\"vertical-align: top; width: 1032px;\"><strong>Title<\/strong>: La familia, un valor cultural. Tradiciones y educaci\u00f3n en valores democr\u00e1ticos.<br \/>\n<strong>Author<\/strong>: Mar\u00eda Eugenia Bozzoli, Concepci\u00f3n Bravo, Maria Rosa Buxarrais, Mar\u00eda Jos\u00e9 Cano, Pilar Gonzalvo, Salah Jamal, Isabel Mir\u00f3, Natalia Moragas, \u00c1ngel Moreu, Francesc Torralba, Meritxell Tous and Mar\u00eda Pilar Zeled\u00f3n.<br \/>\n<strong>Year<\/strong>: 2004<br \/>\n<strong>Publisher<\/strong>: Descl\u00e9e de Brouwer. Bilbao (Spain).<br \/>\n<strong>ISBN<\/strong>: 978-84-3301-912-7<br \/>\n<a href=\"http:\/\/amzn.eu\/4jF9CCI\" target=\"_blank\" rel=\"noopener\"><img loading=\"lazy\" decoding=\"async\" class=\" wp-image-865 size-full alignnone\" title=\"Ir a la p\u00e1gina del libro en Amazon.es\" src=\"https:\/\/www.mariarosabuxarrais.com\/wp-content\/uploads\/comprarEnAmazon.gif\" alt=\"Logo Amazon\" width=\"170\" height=\"28\" \/><\/a><\/td>\n<\/tr>\n<tr>\n<td style=\"vertical-align: top; width: 249px;\"><a href=\"https:\/\/www.mariarosabuxarrais.com\/wp-content\/uploads\/\u00c9ticadelaInfo.jpg\" data-rel=\"lightbox-image-7\" data-imagelightbox=\"7\" data-rl_title=\"\" data-rl_caption=\"\"><img loading=\"lazy\" decoding=\"async\" class=\"wp-image-281 aligncenter\" src=\"https:\/\/www.mariarosabuxarrais.com\/wp-content\/uploads\/\u00c9ticadelaInfo-216x300.jpg\" alt=\"Book cover\" title=\"\" width=\"117\" height=\"162\" srcset=\"https:\/\/www.mariarosabuxarrais.com\/wp-content\/uploads\/\u00c9ticadelaInfo-216x300.jpg 216w, https:\/\/www.mariarosabuxarrais.com\/wp-content\/uploads\/\u00c9ticadelaInfo.jpg 324w\" sizes=\"auto, (max-width: 117px) 100vw, 117px\" \/><\/a><\/td>\n<td style=\"vertical-align: top; width: 1032px;\"><strong>Title<\/strong>: \u00c9tica de la informaci\u00f3n.<br \/>\n<strong>Author<\/strong>: Enric Prats, Maria Rosa Buxarrais and Amelia Tey.<br \/>\n<strong>Year<\/strong>: 2004<br \/>\n<strong>Publisher<\/strong>: Universitat Oberta de Catalunya (Spain).<br \/>\n<strong>ISBN<\/strong>: 978-84-9788-126-5<\/td>\n<\/tr>\n<tr>\n<td style=\"vertical-align: top; width: 249px;\"><a href=\"https:\/\/www.mariarosabuxarrais.com\/wp-content\/uploads\/2012-LaFormaci\u00f3n1.jpg\" data-rel=\"lightbox-image-8\" data-imagelightbox=\"8\" data-rl_title=\"\" data-rl_caption=\"\"><img loading=\"lazy\" decoding=\"async\" class=\"wp-image-271 aligncenter\" src=\"https:\/\/www.mariarosabuxarrais.com\/wp-content\/uploads\/2012-LaFormaci\u00f3n1-214x300.jpg\" alt=\"Book cover\" title=\"\" width=\"115\" height=\"162\" srcset=\"https:\/\/www.mariarosabuxarrais.com\/wp-content\/uploads\/2012-LaFormaci\u00f3n1-214x300.jpg 214w, https:\/\/www.mariarosabuxarrais.com\/wp-content\/uploads\/2012-LaFormaci\u00f3n1.jpg 321w\" sizes=\"auto, (max-width: 115px) 100vw, 115px\" \/><\/a><\/td>\n<td style=\"vertical-align: top; width: 1032px;\"><strong>Title<\/strong>: La formaci\u00f3n del profesorado en educaci\u00f3n en valores.<br \/>\n<strong>Author<\/strong>: Maria Rosa Buxarrais.<br \/>\n<strong>Year<\/strong>: 1997<br \/>\n<strong>Publisher<\/strong>: Descl\u00e9e de Brouwer. Bilbao (Spain).<br \/>\n<strong>ISBN<\/strong>: 978-84-330-1261-6<br \/>\n<a href=\"http:\/\/amzn.eu\/2l9uQBU\" target=\"_blank\" rel=\"noopener\"><img loading=\"lazy\" decoding=\"async\" class=\" wp-image-865 size-full alignnone\" title=\"Ir a la p\u00e1gina del libro en Amazon.es\" src=\"https:\/\/www.mariarosabuxarrais.com\/wp-content\/uploads\/comprarEnAmazon.gif\" alt=\"Logo Amazon\" width=\"170\" height=\"28\" \/><\/a><\/td>\n<\/tr>\n<tr>\n<td style=\"vertical-align: top; width: 249px;\"><a href=\"https:\/\/www.mariarosabuxarrais.com\/wp-content\/uploads\/1996-EducEnValores.jpg\" data-rel=\"lightbox-image-9\" data-imagelightbox=\"9\" data-rl_title=\"\" data-rl_caption=\"\"><img loading=\"lazy\" decoding=\"async\" class=\"wp-image-278 aligncenter\" src=\"https:\/\/www.mariarosabuxarrais.com\/wp-content\/uploads\/1996-EducEnValores-204x300.jpg\" alt=\"Book cover\" title=\"\" width=\"110\" height=\"162\" srcset=\"https:\/\/www.mariarosabuxarrais.com\/wp-content\/uploads\/1996-EducEnValores-204x300.jpg 204w, https:\/\/www.mariarosabuxarrais.com\/wp-content\/uploads\/1996-EducEnValores.jpg 306w\" sizes=\"auto, (max-width: 110px) 100vw, 110px\" \/><\/a><\/td>\n<td style=\"vertical-align: top; width: 1032px;\"><strong>Title<\/strong>: Educaci\u00f3n en Valores y Desarrollo Moral.<br \/>\n<strong>Author<\/strong>:Maria Rosa Buxarrais and Miquel Mart\u00ednez.<br \/>\n<strong>Year<\/strong>: 1996.<br \/>\n<strong>Publisher<\/strong>: Instituto de Ciencias de la Educaci\u00f3n de la UB &#8211; OEI. Barcelona (Spain).<br \/>\n<strong>ISBN<\/strong>: 8488795335<\/td>\n<\/tr>\n<tr>\n<td style=\"vertical-align: top; width: 249px;\"><a href=\"https:\/\/www.mariarosabuxarrais.com\/wp-content\/uploads\/EducMoral2.jpg\" data-rel=\"lightbox-image-10\" data-imagelightbox=\"10\" data-rl_title=\"\" data-rl_caption=\"\"><img loading=\"lazy\" decoding=\"async\" class=\"wp-image-274 aligncenter\" src=\"https:\/\/www.mariarosabuxarrais.com\/wp-content\/uploads\/EducMoral2-198x300.jpg\" alt=\"Book cover\" title=\"\" width=\"107\" height=\"162\" srcset=\"https:\/\/www.mariarosabuxarrais.com\/wp-content\/uploads\/EducMoral2-198x300.jpg 198w, https:\/\/www.mariarosabuxarrais.com\/wp-content\/uploads\/EducMoral2.jpg 298w\" sizes=\"auto, (max-width: 107px) 100vw, 107px\" \/><\/a><\/td>\n<td style=\"vertical-align: top; width: 1032px;\"><strong>Title<\/strong>: La educaci\u00f3n moral en Primaria y en Secundaria<br \/>\n<strong>Author<\/strong>: Maria Rosa Buxarrais, Miquel Mart\u00ednez, Josep M\u00aa Puig and Jaume Trilla.<br \/>\n<strong>Year<\/strong>: 1995<br \/>\n<strong>Publisher<\/strong>: Editorial Edelvives (Spain).<br \/>\n<strong>ISBN<\/strong>: 978-84-263-3147-2<\/td>\n<\/tr>\n<tr>\n<td style=\"vertical-align: top; width: 249px;\"><\/td>\n<td style=\"vertical-align: top; width: 1032px;\"><\/td>\n<\/tr>\n<\/tbody>\n<\/table>\n<p><\/p>","protected":false},"excerpt":{"rendered":"<p>Title: Una mirada femenina de la educaci\u00f3n moral. Author: Mar\u00eda Rosa Buxarrais e Isabel Vilafranca (editors), Ingrid Agud, Ana Ayuste, Mar\u00eda Azevedo, Marta Burguet Arfelis, Antonieta Carre\u00f1o, Raquel Cerc\u00f3s, M\u00f3nica Gij\u00f3n, Mariona Graell, Xus Mart\u00edn, Yolanda Montero, Melania Mu\u00f1oz, Elena Noguera, Ana Novella, N\u00faria Obiols, Montserrat Pay\u00e0 S\u00e1nchez, Karina Rivas, Laura Rubio Serrano, Marina Subirats [&hellip;]<\/p>\n","protected":false},"author":2,"featured_media":0,"parent":13,"menu_order":0,"comment_status":"closed","ping_status":"closed","template":"","meta":{"footnotes":""},"class_list":["post-23","page","type-page","status-publish","hentry"],"_links":{"self":[{"href":"https:\/\/www.mariarosabuxarrais.com\/en\/wp-json\/wp\/v2\/pages\/23","targetHints":{"allow":["GET"]}}],"collection":[{"href":"https:\/\/www.mariarosabuxarrais.com\/en\/wp-json\/wp\/v2\/pages"}],"about":[{"href":"https:\/\/www.mariarosabuxarrais.com\/en\/wp-json\/wp\/v2\/types\/page"}],"author":[{"embeddable":true,"href":"https:\/\/www.mariarosabuxarrais.com\/en\/wp-json\/wp\/v2\/users\/2"}],"replies":[{"embeddable":true,"href":"https:\/\/www.mariarosabuxarrais.com\/en\/wp-json\/wp\/v2\/comments?post=23"}],"version-history":[{"count":6,"href":"https:\/\/www.mariarosabuxarrais.com\/en\/wp-json\/wp\/v2\/pages\/23\/revisions"}],"predecessor-version":[{"id":1736,"href":"https:\/\/www.mariarosabuxarrais.com\/en\/wp-json\/wp\/v2\/pages\/23\/revisions\/1736"}],"up":[{"embeddable":true,"href":"https:\/\/www.mariarosabuxarrais.com\/en\/wp-json\/wp\/v2\/pages\/13"}],"wp:attachment":[{"href":"https:\/\/www.mariarosabuxarrais.com\/en\/wp-json\/wp\/v2\/media?parent=23"}],"curies":[{"name":"wp","href":"https:\/\/api.w.org\/{rel}","templated":true}]}}