{"id":18,"date":"2012-08-14T19:34:23","date_gmt":"2012-08-14T19:34:23","guid":{"rendered":"http:\/\/www.mariarosabuxarrais.com\/?page_id=18"},"modified":"2025-04-27T19:48:48","modified_gmt":"2025-04-27T17:48:48","slug":"articulos","status":"publish","type":"page","link":"https:\/\/www.mariarosabuxarrais.com\/en\/publicaciones\/articulos\/","title":{"rendered":"Articles"},"content":{"rendered":"<p><\/p>\n<p style=\"text-align: justify;\">All articles in this page, unless otherwise indicated, are available for free download and free distribution, as long as 1) the author and the journal where the article was published are cited, 2) the articles are not altered in any form and 3) the articles are not used in any for-profit manner, as is defined in the Creative Commons licence at the end of this page. For any other use, please, contact the author using the <a title=\"Contacto\" href=\"https:\/\/www.mariarosabuxarrais.com\/contacto\/\" target=\"_blank\" rel=\"noopener noreferrer\">contact form<\/a>.<\/p>\n<p style=\"text-align: justify;\"><img loading=\"lazy\" decoding=\"async\" class=\"alignleft size-full wp-image-1246\" src=\"https:\/\/www.mariarosabuxarrais.com\/wp-content\/uploads\/download_pdf-18.png\" alt=\"Logo pdf\" width=\"32\" height=\"32\" \/><a  data-e-Disable-Page-Transition=\"true\" class=\"download-link\" title=\"\" href=\"https:\/\/www.mariarosabuxarrais.com\/en\/download\/2288\/?tmstv=1776773291\" rel=\"nofollow\" id=\"download-link-2288\" data-redirect=\"false\" >\n\tDiagn\u00f3stico de competencias \u00e9ticas en estudiantes de una Facultad de Estudios Superiores mexicana\t(1456 downloads\t)\n<\/a>\n. Published in <a href=\"https:\/\/www.aidep.org\/es\/ridep\" target=\"blank_\" rel=\"noopener noreferrer\"><em>La Revista Iberoamericana de Diagn\u00f3stico y Evaluaci\u00f3n \u2013 e Avalia\u00e7\u00e3o Psicol\u00f3gica<\/em>.<\/a><\/p>\n<p style=\"text-align: justify;\"><img loading=\"lazy\" decoding=\"async\" class=\"alignleft size-full wp-image-1246\" src=\"https:\/\/www.mariarosabuxarrais.com\/wp-content\/uploads\/download_pdf-18.png\" alt=\"Logo pdf\" width=\"32\" height=\"32\" \/><a  data-e-Disable-Page-Transition=\"true\" class=\"download-link\" title=\"Version 1.0\" href=\"https:\/\/www.mariarosabuxarrais.com\/en\/download\/2187\/?tmstv=1776773291\" rel=\"nofollow\" id=\"download-link-2187\" data-redirect=\"false\" >\n\tLa educaci\u00f3n en valores en revistas acad\u00e9micas hispanoamericanas (2001-2020)\t(1640 downloads\t)\n<\/a>\n. Published in <a href=\"https:\/\/revistas.uma.es\/index.php\/mgn\/index\" target=\"blank_\" rel=\"noopener noreferrer\"><em>M\u00e1rgenes, Revista de Educaci\u00f3n de la Universidad de M\u00e1laga<\/em>.<\/a><\/p>\n<p style=\"text-align: justify;\"><img loading=\"lazy\" decoding=\"async\" class=\"alignleft size-full wp-image-1246\" src=\"https:\/\/www.mariarosabuxarrais.com\/wp-content\/uploads\/download_pdf-18.png\" alt=\"Logo pdf\" width=\"32\" height=\"32\" \/><a  data-e-Disable-Page-Transition=\"true\" class=\"download-link\" title=\"\" href=\"https:\/\/www.mariarosabuxarrais.com\/en\/download\/2166\/?tmstv=1776773291\" rel=\"nofollow\" id=\"download-link-2166\" data-redirect=\"false\" >\n\tHybrid Education in Catalan Secondary Schools: Digital Competence as a Key Factor\t(504 downloads\t)\n<\/a>\n. Published in <a href=\"https:\/\/revistas.um.es\/rie\/index\" target=\"blank_\" rel=\"noopener noreferrer\"><em>Revista de Investigaci\u00f3n Educativa<\/em>.<\/a><\/p>\n<p style=\"text-align: justify;\"><img loading=\"lazy\" decoding=\"async\" class=\"alignleft size-full wp-image-1246\" src=\"https:\/\/www.mariarosabuxarrais.com\/wp-content\/uploads\/download_pdf-18.png\" alt=\"Logo pdf\" width=\"32\" height=\"32\" \/><a  data-e-Disable-Page-Transition=\"true\" class=\"download-link\" title=\"\" href=\"https:\/\/www.mariarosabuxarrais.com\/en\/download\/2129\/?tmstv=1776773291\" rel=\"nofollow\" id=\"download-link-2129\" data-redirect=\"false\" >\n\tWork-family balance in times of COVID-19: a survey-study\t(1770 downloads\t)\n<\/a>\n. Published in <a href=\"https:\/\/www.tandfonline.com\/journals\/oaed20\" target=\"blank_\" rel=\"noopener noreferrer\"><em>Cogent Education<\/em>.<\/a><\/p>\n<p style=\"text-align: justify;\"><img loading=\"lazy\" decoding=\"async\" class=\"alignleft size-full wp-image-1246\" src=\"https:\/\/www.mariarosabuxarrais.com\/wp-content\/uploads\/download_pdf-18.png\" alt=\"Logo pdf\" width=\"32\" height=\"32\" \/><a  data-e-Disable-Page-Transition=\"true\" class=\"download-link\" title=\"Version 01\" href=\"https:\/\/www.mariarosabuxarrais.com\/en\/download\/2192\/?tmstv=1776773291\" rel=\"nofollow\" id=\"download-link-2192\" data-redirect=\"false\" >\n\tTowards a post-democratic era? Moral education against new forms of authoritarianism\t(1597 downloads\t)\n<\/a>\n. Published in <a href=\"https:\/\/www.tandfonline.com\/journals\/cjme20\" target=\"blank_\" rel=\"noopener noreferrer\"><em>Journal of Moral Education<\/em><\/a>.<\/p>\n<p style=\"text-align: justify;\"><img loading=\"lazy\" decoding=\"async\" class=\"alignleft size-full wp-image-1246\" src=\"https:\/\/www.mariarosabuxarrais.com\/wp-content\/uploads\/download_pdf-18.png\" alt=\"Logo pdf\" width=\"32\" height=\"32\" \/><a  data-e-Disable-Page-Transition=\"true\" class=\"download-link\" title=\"\" href=\"https:\/\/www.mariarosabuxarrais.com\/en\/download\/1923\/?tmstv=1776773291\" rel=\"nofollow\" id=\"download-link-1923\" data-redirect=\"false\" >\n\tEnfoques para promover la participaci\u00f3n infantil y adolescente\t(2402 downloads\t)\n<\/a>\n. Published in <a href=\"https:\/\/recyt.fecyt.es\/index.php\/PSRI\/\" target=\"blank_\" rel=\"noopener noreferrer\"><em>Pedagog\u00eda Social. Revista Interuniversitaria<\/em>.<\/a><\/p>\n<p style=\"text-align: justify;\"><img loading=\"lazy\" decoding=\"async\" class=\"alignleft size-full wp-image-1246\" src=\"https:\/\/www.mariarosabuxarrais.com\/wp-content\/uploads\/download_pdf-18.png\" alt=\"Logo pdf\" width=\"32\" height=\"32\" \/><a  data-e-Disable-Page-Transition=\"true\" class=\"download-link\" title=\"\" href=\"https:\/\/www.mariarosabuxarrais.com\/en\/download\/1789\/?tmstv=1776773291\" rel=\"nofollow\" id=\"download-link-1789\" data-redirect=\"false\" >\n\tLa perspectiva feminista en la educaci\u00f3n y sus debates actuales\t(2452 downloads\t)\n<\/a>\n. Published in <a href=\"https:\/\/revistas.usal.es\/index.php\/1130-3743\/\" target=\"blank_\" rel=\"noopener noreferrer\"><em>Teor\u00eda de la Educaci\u00f3n. Revista Interuniversitaria<\/em>.<\/a><\/p>\n<p style=\"text-align: justify;\"><img loading=\"lazy\" decoding=\"async\" class=\"alignleft size-full wp-image-1246\" src=\"https:\/\/www.mariarosabuxarrais.com\/wp-content\/uploads\/download_pdf-18.png\" alt=\"Logo pdf\" width=\"32\" height=\"32\" \/><a  data-e-Disable-Page-Transition=\"true\" class=\"download-link\" title=\"\" href=\"https:\/\/www.mariarosabuxarrais.com\/en\/download\/1684\/?tmstv=1776773291\" rel=\"nofollow\" id=\"download-link-1684\" data-redirect=\"false\" >\n\tDesaf\u00edos de la educaci\u00f3n moral y ciudadana ante las tecnolog\u00edas emergentes\t(2732 downloads\t)\n<\/a>\n. Published in <a href=\"https:\/\/www.revista-transdigital.org\/index.php\/transdigital\" target=\"blank_\" rel=\"noopener noreferrer\"><em>Transdigital<\/em>.<\/a><\/p>\n<p style=\"text-align: justify;\"><img loading=\"lazy\" decoding=\"async\" class=\"alignleft size-full wp-image-1246\" src=\"https:\/\/www.mariarosabuxarrais.com\/wp-content\/uploads\/download_pdf-18.png\" alt=\"Logo pdf\" width=\"32\" height=\"32\" \/><a  data-e-Disable-Page-Transition=\"true\" class=\"download-link\" title=\"\" href=\"https:\/\/www.mariarosabuxarrais.com\/en\/download\/1678\/?tmstv=1776773291\" rel=\"nofollow\" id=\"download-link-1678\" data-redirect=\"false\" >\n\tControversies are no excuse: Citizenship education in Spain\t(2783 downloads\t)\n<\/a>\n. Published in <a href=\"https:\/\/www.ingentaconnect.com\/content\/intellect\/ctl\" target=\"blank_\" rel=\"noopener noreferrer\"><em>Citizenship Teaching &amp; Learning<\/em>.<\/a><\/p>\n<p style=\"text-align: justify;\"><img loading=\"lazy\" decoding=\"async\" class=\"alignleft size-full wp-image-1246\" src=\"https:\/\/www.mariarosabuxarrais.com\/wp-content\/uploads\/download_pdf-18.png\" alt=\"Logo pdf\" width=\"32\" height=\"32\" \/><a  data-e-Disable-Page-Transition=\"true\" class=\"download-link\" title=\"\" href=\"https:\/\/www.mariarosabuxarrais.com\/en\/download\/1674\/?tmstv=1776773291\" rel=\"nofollow\" id=\"download-link-1674\" data-redirect=\"false\" >\n\tLa cara \u00e8tica del \u00abbon\u00bb mestre: ethos docent, identitat professional i lideratge moral\t(2430 downloads\t)\n<\/a>\n. Published in <a href=\"http:\/\/www.publicacions.ub.edu\/revistes\/tempsDEducacio\/\" target=\"blank_\" rel=\"noopener noreferrer\"><em>Temps d&#8217;Educaci\u00f3<\/em>.<\/a><\/p>\n<p style=\"text-align: justify;\"><img loading=\"lazy\" decoding=\"async\" class=\"alignleft size-full wp-image-1246\" src=\"https:\/\/www.mariarosabuxarrais.com\/wp-content\/uploads\/download_pdf-18.png\" alt=\"Logo pdf\" width=\"32\" height=\"32\" \/><a  data-e-Disable-Page-Transition=\"true\" class=\"download-link\" title=\"\" href=\"https:\/\/www.mariarosabuxarrais.com\/en\/download\/1648\/?tmstv=1776773291\" rel=\"nofollow\" id=\"download-link-1648\" data-redirect=\"false\" >\n\tEthical issues in dentist\u2013patient interactions\t(2597 downloads\t)\n<\/a>\n. Published in <a href=\"http:\/\/www.jeed.in\/\" target=\"blank_\" rel=\"noopener noreferrer\"><em>Journal of Education and Ethics in Dentistry<\/em>.<\/a><\/p>\n<p style=\"text-align: justify;\"><img loading=\"lazy\" decoding=\"async\" class=\"alignleft size-full wp-image-1246\" src=\"https:\/\/www.mariarosabuxarrais.com\/wp-content\/uploads\/download_pdf-18.png\" alt=\"Logo pdf\" width=\"32\" height=\"32\" \/><a  data-e-Disable-Page-Transition=\"true\" class=\"download-link\" title=\"\" href=\"https:\/\/www.mariarosabuxarrais.com\/en\/download\/1360\/?tmstv=1776773291\" rel=\"nofollow\" id=\"download-link-1360\" data-redirect=\"false\" >\n\tThe evaluation of teaching in Catalan public universities: Comparative analysis of the different evaluation manuals\t(3180 downloads\t)\n<\/a>\n. Published in <a href=\"http:\/\/revistes.ub.edu\/index.php\/RED\/index\" target=\"blank_\" rel=\"noopener noreferrer\"><em>Revista de Educaci\u00f3n y Derecho<\/em>.<\/a><\/p>\n<p style=\"text-align: justify;\"><img loading=\"lazy\" decoding=\"async\" class=\"alignleft size-full wp-image-1246\" src=\"https:\/\/www.mariarosabuxarrais.com\/wp-content\/uploads\/download_pdf-18.png\" alt=\"Logo pdf\" width=\"32\" height=\"32\" \/><a  data-e-Disable-Page-Transition=\"true\" class=\"download-link\" title=\"\" href=\"https:\/\/www.mariarosabuxarrais.com\/en\/download\/1291\/?tmstv=1776773291\" rel=\"nofollow\" id=\"download-link-1291\" data-redirect=\"false\" >\n\tProfile, Motivation and Academic Satisfaction of the Master Students: the Case of Social and Legal Sciences\t(2871 downloads\t)\n<\/a>\n. Published in <a href=\"https:\/\/www.unav.edu\/publicaciones\/revistas\/index.php\/estudios-sobre-educacion\/index\" target=\"blank_\" rel=\"noopener noreferrer\"><em>Estudios sobre Educaci\u00f3n<\/em>.<\/a><\/p>\n<p style=\"text-align: justify;\"><img loading=\"lazy\" decoding=\"async\" class=\"alignleft size-full wp-image-1246\" src=\"https:\/\/www.mariarosabuxarrais.com\/wp-content\/uploads\/download_pdf-18.png\" alt=\"Logo pdf\" width=\"32\" height=\"32\" \/><a  data-e-Disable-Page-Transition=\"true\" class=\"download-link\" title=\"\" href=\"https:\/\/www.mariarosabuxarrais.com\/en\/download\/1287\/?tmstv=1776773291\" rel=\"nofollow\" id=\"download-link-1287\" data-redirect=\"false\" >\n\tBeyond Kohlberg: Ethical Learning for Coherence between Judgement, Feelings and Moral Actions\t(2660 downloads\t)\n<\/a>\n. Published in <a href=\"http:\/\/roderic.uv.es\/static\/rev\/21652.html\" target=\"blank_\" rel=\"noopener noreferrer\"><em>Anuari de Psicologia de la Societat Valenciana de Psicologia<\/em>.<\/a><\/p>\n<p style=\"text-align: justify;\"><img loading=\"lazy\" decoding=\"async\" class=\"alignleft size-full wp-image-1246\" src=\"https:\/\/www.mariarosabuxarrais.com\/wp-content\/uploads\/download_pdf-18.png\" alt=\"Logo pdf\" width=\"32\" height=\"32\" \/><a  data-e-Disable-Page-Transition=\"true\" class=\"download-link\" title=\"\" href=\"https:\/\/www.mariarosabuxarrais.com\/en\/download\/1244\/?tmstv=1776773291\" rel=\"nofollow\" id=\"download-link-1244\" data-redirect=\"false\" >\n\tConcepciones del profesorado universitario sobre la formaci\u00f3n \u00e9tica y ciudadana en el Espacio Europeo de Educaci\u00f3n Superior: un estudio de caso\t(3765 downloads\t)\n<\/a>\n. Published in <a href=\"https:\/\/educationaltechnologyjournal.springeropen.com\/about\" target=\"blank_\" rel=\"noopener noreferrer\"><em>RUSC. Universities &amp; Knowledge Society Journal<\/em>.<\/a><\/p>\n<p style=\"text-align: justify;\"><img loading=\"lazy\" decoding=\"async\" class=\"alignleft size-full wp-image-1246\" src=\"https:\/\/www.mariarosabuxarrais.com\/wp-content\/uploads\/download_pdf-18.png\" alt=\"Logo pdf\" width=\"32\" height=\"32\" \/><a  data-e-Disable-Page-Transition=\"true\" class=\"download-link\" title=\"\" href=\"https:\/\/www.mariarosabuxarrais.com\/en\/download\/1239\/?tmstv=1776773291\" rel=\"nofollow\" id=\"download-link-1239\" data-redirect=\"false\" >\n\tTelling Stories about the Value of Co-responsibility: An educational strategy to train Spanish families in the values of the work-life balance\t(3470 downloads\t)\n<\/a>\n. Published in <a href=\"http:\/\/www.multidisciplinarywulfenia.org\/index.html\" target=\"blank_\" rel=\"noopener noreferrer\"><em>Wulfenia Journal.<\/em><\/a><\/p>\n<p style=\"text-align: justify;\"><img loading=\"lazy\" decoding=\"async\" class=\"alignleft size-full wp-image-1246\" src=\"https:\/\/www.mariarosabuxarrais.com\/wp-content\/uploads\/download_pdf-18.png\" alt=\"Logo pdf\" width=\"32\" height=\"32\" \/><a  data-e-Disable-Page-Transition=\"true\" class=\"download-link\" title=\"\" href=\"https:\/\/www.mariarosabuxarrais.com\/en\/download\/1236\/?tmstv=1776773291\" rel=\"nofollow\" id=\"download-link-1236\" data-redirect=\"false\" >\n\tLa sensibilidad del profesorado hacia el modelo de educaci\u00f3n intercultural: Necesidades, situaci\u00f3n actual y propuesta de un instrumento de medida\t(3354 downloads\t)\n<\/a>\n. Published in <a href=\"http:\/\/revistas.uach.cl\/index.php\/estped\/index\" target=\"blank_\" rel=\"noopener noreferrer\"><em>Estudios Pedag\u00f3gicos.<\/em><\/a><\/p>\n<p style=\"text-align: justify;\"><img loading=\"lazy\" decoding=\"async\" class=\"alignleft size-full wp-image-1246\" src=\"https:\/\/www.mariarosabuxarrais.com\/wp-content\/uploads\/download_pdf-18.png\" alt=\"Logo pdf\" width=\"32\" height=\"32\" \/><a  data-e-Disable-Page-Transition=\"true\" class=\"download-link\" title=\"\" href=\"https:\/\/www.mariarosabuxarrais.com\/en\/download\/1233\/?tmstv=1776773291\" rel=\"nofollow\" id=\"download-link-1233\" data-redirect=\"false\" >\n\tNuevos valores para una nueva sociedad. Un cambio de paradigma en la educaci\u00f3n\t(5012 downloads\t)\n<\/a>\n. Published in <a href=\"http:\/\/revistas.ucv.es\/index.php\/Edetania\" target=\"blank_\" rel=\"noopener noreferrer\"><em>Edetania.<\/em><\/a><\/p>\n<p style=\"text-align: justify;\"><img loading=\"lazy\" decoding=\"async\" class=\"alignleft size-full wp-image-1246\" src=\"https:\/\/www.mariarosabuxarrais.com\/wp-content\/uploads\/download_pdf-18.png\" alt=\"Logo pdf\" width=\"32\" height=\"32\" \/><a  data-e-Disable-Page-Transition=\"true\" class=\"download-link\" title=\"\" href=\"https:\/\/www.mariarosabuxarrais.com\/en\/download\/1230\/?tmstv=1776773291\" rel=\"nofollow\" id=\"download-link-1230\" data-redirect=\"false\" >\n\tWhat do University Teachers Think about the Teaching in Ethics and Citizenship in the European Higher Education Area?\t(3550 downloads\t)\n<\/a>\n. Published in <a href=\"http:\/\/www.educationalrev.us.edu.pl\/\" target=\"blank_\" rel=\"noopener noreferrer\"><em>The New Educational Review.<\/em><\/a><\/p>\n<p style=\"text-align: justify;\"><img loading=\"lazy\" decoding=\"async\" class=\"alignleft size-full wp-image-1246\" src=\"https:\/\/www.mariarosabuxarrais.com\/wp-content\/uploads\/download_pdf-18.png\" alt=\"Logo pdf\" width=\"32\" height=\"32\" \/><a  data-e-Disable-Page-Transition=\"true\" class=\"download-link\" title=\"\" href=\"https:\/\/www.mariarosabuxarrais.com\/en\/download\/1227\/?tmstv=1776773291\" rel=\"nofollow\" id=\"download-link-1227\" data-redirect=\"false\" >\n\tLa universidad de hoy en la encrucijada\t(3722 downloads\t)\n<\/a>\n. Published in <a href=\"https:\/\/online.unisc.br\/seer\/index.php\/reflex\/index\" target=\"blank_\" rel=\"noopener noreferrer\"><em>Reflex\u00e3o e A\u00e7\u00e3o.<\/em><\/a><\/p>\n<p style=\"text-align: justify;\"><img loading=\"lazy\" decoding=\"async\" class=\"alignleft size-full wp-image-1246\" src=\"https:\/\/www.mariarosabuxarrais.com\/wp-content\/uploads\/download_pdf-18.png\" alt=\"Logo pdf\" width=\"32\" height=\"32\" \/><a  data-e-Disable-Page-Transition=\"true\" class=\"download-link\" title=\"\" href=\"https:\/\/www.mariarosabuxarrais.com\/en\/download\/1209\/?tmstv=1776773291\" rel=\"nofollow\" id=\"download-link-1209\" data-redirect=\"false\" >\n\tLa educaci\u00f3n moral y c\u00edvica: Propuesta pedag\u00f3gica de Kerschensteiner, Natorp y Spranger\t(3806 downloads\t)\n<\/a>\n. Published in <a href=\"http:\/\/www.innovacion.ipn.mx\/Paginas\/Inicio.aspx\" target=\"blank_\" rel=\"noopener noreferrer\"><em>Innovaci\u00f3n Educativa.<\/em><\/a><\/p>\n<p style=\"text-align: justify;\"><img loading=\"lazy\" decoding=\"async\" class=\"alignleft size-full wp-image-1246\" src=\"https:\/\/www.mariarosabuxarrais.com\/wp-content\/uploads\/download_pdf-18.png\" alt=\"Logo pdf\" width=\"32\" height=\"32\" \/><a  data-e-Disable-Page-Transition=\"true\" class=\"download-link\" title=\"\" href=\"https:\/\/www.mariarosabuxarrais.com\/en\/download\/1206\/?tmstv=1776773291\" rel=\"nofollow\" id=\"download-link-1206\" data-redirect=\"false\" >\n\tEscuela, profesorado y valores\t(3400 downloads\t)\n<\/a>\n. Published in <a href=\"https:\/\/www.mecd.gob.es\/revista-de-educacion\/\" target=\"blank_\" rel=\"noopener noreferrer\"><em>Revista de Educaci\u00f3n.<\/em><\/a><\/p>\n<p style=\"text-align: justify;\"><img loading=\"lazy\" decoding=\"async\" class=\"alignleft size-full wp-image-1246\" src=\"https:\/\/www.mariarosabuxarrais.com\/wp-content\/uploads\/download_pdf-18.png\" alt=\"Logo pdf\" width=\"32\" height=\"32\" \/><a  data-e-Disable-Page-Transition=\"true\" class=\"download-link\" title=\"\" href=\"https:\/\/www.mariarosabuxarrais.com\/en\/download\/1203\/?tmstv=1776773291\" rel=\"nofollow\" id=\"download-link-1203\" data-redirect=\"false\" >\n\tEducaci\u00f3n en valores y educaci\u00f3n emocional: Propuestas para la acci\u00f3n pedag\u00f3gica\t(4472 downloads\t)\n<\/a>\n. Published in <a href=\"http:\/\/revistas.usal.es\/index.php\/revistatesi\/index\" target=\"blank_\" rel=\"noopener noreferrer\"><em>Teor\u00eda de la Educaci\u00f3n. Educaci\u00f3n y Cultura en la Sociedad de la Informaci\u00f3n.<\/em><\/a><\/p>\n<p style=\"text-align: justify;\"><img loading=\"lazy\" decoding=\"async\" class=\"alignleft size-full wp-image-1246\" src=\"https:\/\/www.mariarosabuxarrais.com\/wp-content\/uploads\/download_pdf-18.png\" alt=\"Logo pdf\" width=\"32\" height=\"32\" \/><a  data-e-Disable-Page-Transition=\"true\" class=\"download-link\" title=\"\" href=\"https:\/\/www.mariarosabuxarrais.com\/en\/download\/1215\/?tmstv=1776773291\" rel=\"nofollow\" id=\"download-link-1215\" data-redirect=\"false\" >\n\tEl lenguaje televisivo soez como indicador \u00e9tico de la cultura de una sociedad\t(2391 downloads\t)\n<\/a>\n. Published in <a href=\"https:\/\/www.cac.cat\/web\/recerca\/quaderns\/index.jsp?MjQ%3D&amp;Mg%3D%3D&amp;\" target=\"blank_\" rel=\"noopener noreferrer\"><em>Quaderns del CAC.<\/em><\/a><\/p>\n<p style=\"text-align: justify;\"><img loading=\"lazy\" decoding=\"async\" class=\"alignleft size-full wp-image-1246\" src=\"https:\/\/www.mariarosabuxarrais.com\/wp-content\/uploads\/download_pdf-18.png\" alt=\"Logo pdf\" width=\"32\" height=\"32\" \/><a  data-e-Disable-Page-Transition=\"true\" class=\"download-link\" title=\"\" href=\"https:\/\/www.mariarosabuxarrais.com\/en\/download\/1200\/?tmstv=1776773291\" rel=\"nofollow\" id=\"download-link-1200\" data-redirect=\"false\" >\n\tPor una \u00e9tica de la compasi\u00f3n en la educaci\u00f3n\t(3922 downloads\t)\n<\/a>\n. Published in <a href=\"http:\/\/revistas.usal.es\/index.php\/1130-3743\/\" target=\"blank_\" rel=\"noopener noreferrer\"><em>Teor\u00eda de la Educaci\u00f3n. Revista Interuniversitaria.<\/em><\/a><\/p>\n<p style=\"text-align: justify;\"><img loading=\"lazy\" decoding=\"async\" class=\"alignleft size-full wp-image-1246\" src=\"https:\/\/www.mariarosabuxarrais.com\/wp-content\/uploads\/download_pdf-18.png\" alt=\"Logo pdf\" width=\"32\" height=\"32\" \/><a  data-e-Disable-Page-Transition=\"true\" class=\"download-link\" title=\"\" href=\"https:\/\/www.mariarosabuxarrais.com\/en\/download\/1218\/?tmstv=1776773291\" rel=\"nofollow\" id=\"download-link-1218\" data-redirect=\"false\" >\n\tLos valores y su influencia en la satisfacci\u00f3n vital de los adolescentes entre los 12 y los 16 a\u00f1os: Estudio de algunos correlatos\t(3476 downloads\t)\n<\/a>\n. Published in <a href=\"http:\/\/www.apuntesdepsicologia.es\/index.php\/revista\" target=\"blank_\" rel=\"noopener noreferrer\"><em>Apuntes de Psicolog\u00eda.<\/em><\/a><\/p>\n<p style=\"text-align: justify;\"><img loading=\"lazy\" decoding=\"async\" class=\"alignleft size-full wp-image-1246\" src=\"https:\/\/www.mariarosabuxarrais.com\/wp-content\/uploads\/download_pdf-18.png\" alt=\"Logo pdf\" width=\"32\" height=\"32\" \/><a  data-e-Disable-Page-Transition=\"true\" class=\"download-link\" title=\"\" href=\"https:\/\/www.mariarosabuxarrais.com\/en\/download\/1194\/?tmstv=1776773291\" rel=\"nofollow\" id=\"download-link-1194\" data-redirect=\"false\" >\n\tEl aprendizaje \u00e9tico y la formaci\u00f3n universitaria: M\u00e1s all\u00e1 de la casualidad\t(3525 downloads\t)\n<\/a>\n. Published in <a href=\"http:\/\/revistas.usal.es\/index.php\/1130-3743\/\" target=\"blank_\" rel=\"noopener noreferrer\"><em>Teor\u00eda de la Educaci\u00f3n. Revista Interuniversitaria.<\/em><\/a><\/p>\n<p style=\"text-align: justify;\"><img loading=\"lazy\" decoding=\"async\" class=\"alignleft size-full wp-image-1246\" src=\"https:\/\/www.mariarosabuxarrais.com\/wp-content\/uploads\/download_pdf-18.png\" alt=\"Logo pdf\" width=\"32\" height=\"32\" \/><a  data-e-Disable-Page-Transition=\"true\" class=\"download-link\" title=\"\" href=\"https:\/\/www.mariarosabuxarrais.com\/en\/download\/1197\/?tmstv=1776773291\" rel=\"nofollow\" id=\"download-link-1197\" data-redirect=\"false\" >\n\tLa investigaci\u00f3n en Teor\u00eda de la Educaci\u00f3n\t(3343 downloads\t)\n<\/a>\n. Published in <a href=\"http:\/\/revistas.usal.es\/index.php\/1130-3743\/\" target=\"blank_\" rel=\"noopener noreferrer\"><em>Teor\u00eda de la Educaci\u00f3n. Revista Interuniversitaria.<\/em><\/a><\/p>\n<p><code><br \/>\n<\/code><\/p>\n<div style=\"text-align: center;\"><a href=\"http:\/\/creativecommons.org\/licenses\/by-nc-nd\/3.0\/es\/deed.es_ES\" target=\"_blank\" rel=\"license noopener noreferrer\"><img decoding=\"async\" style=\"border-width: 0;\" src=\"https:\/\/i.creativecommons.org\/l\/by-nc-nd\/3.0\/es\/88x31.png\" alt=\"Licencia Creative Commons\" \/><\/a><\/div>\n<p style=\"text-align: center;\">Estas obras, salvo que se indique otra cosa, est\u00e1n bajo una <a href=\"http:\/\/creativecommons.org\/licenses\/by-nc-nd\/3.0\/es\/deed.es_ES\" target=\"_blank\" rel=\"license noopener noreferrer\">Licencia Creative Commons Reconocimiento-NoComercial-SinObraDerivada 3.0 Espa\u00f1a<\/a>.<\/p>\n<p><\/p>","protected":false},"excerpt":{"rendered":"<p>All articles in this page, unless otherwise indicated, are available for free download and free distribution, as long as 1) the author and the journal where the article was published are cited, 2) the articles are not altered in any form and 3) the articles are not used in any for-profit manner, as is defined [&hellip;]<\/p>\n","protected":false},"author":2,"featured_media":0,"parent":13,"menu_order":0,"comment_status":"closed","ping_status":"open","template":"","meta":{"footnotes":""},"class_list":["post-18","page","type-page","status-publish","hentry"],"_links":{"self":[{"href":"https:\/\/www.mariarosabuxarrais.com\/en\/wp-json\/wp\/v2\/pages\/18","targetHints":{"allow":["GET"]}}],"collection":[{"href":"https:\/\/www.mariarosabuxarrais.com\/en\/wp-json\/wp\/v2\/pages"}],"about":[{"href":"https:\/\/www.mariarosabuxarrais.com\/en\/wp-json\/wp\/v2\/types\/page"}],"author":[{"embeddable":true,"href":"https:\/\/www.mariarosabuxarrais.com\/en\/wp-json\/wp\/v2\/users\/2"}],"replies":[{"embeddable":true,"href":"https:\/\/www.mariarosabuxarrais.com\/en\/wp-json\/wp\/v2\/comments?post=18"}],"version-history":[{"count":6,"href":"https:\/\/www.mariarosabuxarrais.com\/en\/wp-json\/wp\/v2\/pages\/18\/revisions"}],"predecessor-version":[{"id":2291,"href":"https:\/\/www.mariarosabuxarrais.com\/en\/wp-json\/wp\/v2\/pages\/18\/revisions\/2291"}],"up":[{"embeddable":true,"href":"https:\/\/www.mariarosabuxarrais.com\/en\/wp-json\/wp\/v2\/pages\/13"}],"wp:attachment":[{"href":"https:\/\/www.mariarosabuxarrais.com\/en\/wp-json\/wp\/v2\/media?parent=18"}],"curies":[{"name":"wp","href":"https:\/\/api.w.org\/{rel}","templated":true}]}}