{"id":1122,"date":"2017-03-18T16:21:43","date_gmt":"2017-03-18T15:21:43","guid":{"rendered":"http:\/\/www.mariarosabuxarrais.com\/?page_id=1122"},"modified":"2017-03-18T16:35:24","modified_gmt":"2017-03-18T15:35:24","slug":"cookies","status":"publish","type":"page","link":"https:\/\/www.mariarosabuxarrais.com\/en\/cookies\/","title":{"rendered":"Cookies"},"content":{"rendered":"<p style=\"text-align: justify;\">Una cookie es un archivo de texto que se almacena en el ordenador o dispositivo m\u00f3vil enviado por un servidor web. Solo ese servidor puede recuperar o leer el contenido de la cookie. Estos peque\u00f1os archivos permiten al sitio web recordar preferencias de navegaci\u00f3n y navegar de manera eficiente. Las cookies hacen la interacci\u00f3n entre el usuario y el sitio web m\u00e1s r\u00e1pida y f\u00e1cil. Este sitio web utiliza cookies.<\/p>\n<p style=\"text-align: justify;\"><strong>\u00bfC\u00f3mo funcionan las Cookies?<\/strong><\/p>\n<p style=\"text-align: justify;\">Las cookies s\u00f3lo pueden almacenar texto, por lo general an\u00f3nimo y cifrado. No se almacenar\u00e1 informaci\u00f3n personal alguna en una cookie, ni puede asociarse a persona identificada o identificable.<\/p>\n<p style=\"text-align: justify;\">Los datos permiten que este sitio web pueda mantener su informaci\u00f3n entre las p\u00e1ginas, y tambi\u00e9n para analizar la forma de interactuar con el sitio. Las cookies son seguras ya que s\u00f3lo pueden almacenar la informaci\u00f3n descargada al ordenador del usuario por el navegador, que es informaci\u00f3n que el usuario ha introducido en el navegador o la que se incluye en la solicitud de p\u00e1gina. No puede ejecutar el c\u00f3digo y no se puede utilizar para acceder a su ordenador. Si una p\u00e1gina web cifra la informaci\u00f3n de la cookie, s\u00f3lo la p\u00e1gina web puede leer la informaci\u00f3n.<\/p>\n<p style=\"text-align: justify;\"><strong>\u00bfQu\u00e9 tipos de cookies utilizamos?<\/strong><\/p>\n<p style=\"text-align: justify;\">Las cookies que utiliza este sitio web se pueden distinguir seg\u00fan los siguientes criterios:<\/p>\n<p style=\"text-align: justify;\"><strong>1. Tipos de cookies seg\u00fan la entidad que las gestiona<br \/>\n<\/strong><\/p>\n<p style=\"text-align: justify;\">Seg\u00fan quien sea la entidad que gestione el equipo o dominio desde donde se env\u00edan las cookies y trate los datos que se obtengan, podemos distinguir:<\/p>\n<ul style=\"text-align: justify;\">\n<li>Cookies propias : Son aquellas que se env\u00edan al equipo terminal del usuario desde un equipo o dominio gestionado por el propio editor y desde el que se presta el servicio solicitado por el usuario.<\/li>\n<li>Cookies de terceros : Son aquellas que se env\u00edan al equipo terminal del usuario desde un equipo o dominio que no es gestionado por el editor, sino por otra entidad que trata los datos obtenidos trav\u00e9s de las cookies.<\/li>\n<\/ul>\n<p style=\"text-align: justify;\">En el caso de que las cookies sean instaladas desde un equipo o dominio gestionado por el propio editor pero la informaci\u00f3n que se recoja mediante \u00e9stas sea gestionada por un tercero, no pueden ser consideradas como cookies propias.<\/p>\n<p style=\"text-align: justify;\"><strong>2. Tipos de cookies seg\u00fan el plazo de tiempo que permanecen activadas<\/strong><\/p>\n<p style=\"text-align: justify;\">Seg\u00fan el plazo de tiempo que permanecen activadas en el equipo terminal podemos distinguir:<\/p>\n<ul style=\"text-align: justify;\">\n<li>Cookies de sesi\u00f3n : Son un tipo de cookies dise\u00f1adas para recabar y almacenar datos mientras el usuario accede a una p\u00e1gina web. Se suelen emplear para almacenar informaci\u00f3n que solo interesa conservar para la prestaci\u00f3n del servicio solicitado por el usuario en una sola ocasi\u00f3n (p.e. una lista de productos adquiridos).<\/li>\n<li>Cookies persistentes : Son un tipo de cookies en el que los datos siguen almacenados en el terminal y pueden ser accedidos y tratados durante un periodo definido por el responsable de la cookie, y que puede ir de unos minutos a varios a\u00f1os.<\/li>\n<\/ul>\n<p style=\"text-align: justify;\"><strong>3. Tipos de cookies seg\u00fan su finalidad<\/strong><\/p>\n<p style=\"text-align: justify;\">Seg\u00fan la finalidad para la que se traten los datos obtenidos a trav\u00e9s de las cookies, podemos distinguir entre:<\/p>\n<ul style=\"text-align: justify;\">\n<li>Cookies t\u00e9cnicas : Son aquellas que permiten al usuario la navegaci\u00f3n a trav\u00e9s de un sitio web, plataforma o aplicaci\u00f3n y la utilizaci\u00f3n de las diferentes opciones o servicios que ofrezca, tales como controlar el tr\u00e1fico y la comunicaci\u00f3n de datos, identificar la sesi\u00f3n, acceder a partes de acceso restringido, recordar los elementos que integran un pedido, realizar el proceso de compra de un pedido, realizar la solicitud de inscripci\u00f3n o participaci\u00f3n en un evento, utilizar elementos de seguridad durante la navegaci\u00f3n, almacenar contenidos para la difusi\u00f3n de v\u00eddeos o sonido o compartir contenidos a trav\u00e9s de redes sociales.<\/li>\n<li>Cookies de personalizaci\u00f3n: Son aquellas que permiten al usuario acceder al servicio con algunas caracter\u00edsticas de car\u00e1cter general predefinidas en funci\u00f3n de una serie de criterios en el terminal del usuario como por ejemplo ser\u00edan el idioma, el tipo de navegador a trav\u00e9s del cual accede al servicio, la configuraci\u00f3n regional desde donde accede al servicio, etc.<\/li>\n<li>Cookies de an\u00e1lisis: Son aquellas que permiten al responsable de las mismas el seguimiento y an\u00e1lisis del comportamiento de los usuarios de los sitios web a los que est\u00e1n vinculadas. La informaci\u00f3n recogida mediante este tipo de cookies se utiliza en la medici\u00f3n de la actividad de los sitios web, aplicaci\u00f3n o plataforma y para la elaboraci\u00f3n de perfiles de navegaci\u00f3n de los usuarios de dichos sitios, aplicaciones y plataformas, con el fin de introducir mejoras en funci\u00f3n del an\u00e1lisis de los datos de uso que hacen los usuarios del servicio.<\/li>\n<\/ul>\n<p style=\"text-align: justify;\"><strong>C\u00f3mo gestionar las Cookies en su equipo<\/strong><\/p>\n<p style=\"text-align: justify;\">Todos los navegadores de Internet le permiten limitar el comportamiento de una cookie o desactivar las cookies dentro de la configuraci\u00f3n o las opciones del navegador. Los pasos para hacerlo son diferentes para cada navegador. Puede encontrar instrucciones en el men\u00fa de ayuda de su navegador.<\/p>\n<p style=\"text-align: justify;\">Si no acepta el uso de las cookies, ya que es posible gracias a los men\u00fas de preferencias o ajustes de su navegador, rechazarlas, este sitio web seguir\u00e1 funcionando adecuadamente sin el uso de las mismas.<\/p>\n<p style=\"text-align: justify;\">Puede usted permitir, bloquear o eliminar las cookies instaladas en su equipo mediante la configuraci\u00f3n de las opciones del navegador instalado en su ordenador:<\/p>\n<ul style=\"text-align: justify;\">\n<li>Para m\u00e1s informaci\u00f3n sobre <strong>Firefox <\/strong><a href=\"https:\/\/support.mozilla.org\/t5\/Cookies-y-cach%C3%A9\/Habilitar-y-deshabilitar-cookies-que-los-sitios-web-utilizan\/ta-p\/13811\" target=\"_blank\">pulse aqu\u00ed.<\/a><\/li>\n<li>Para m\u00e1s informaci\u00f3n sobre <strong>Chrome<\/strong> <a href=\"https:\/\/support.google.com\/chrome\/answer\/95647?hl=es\" target=\"_blank\">pulse aqu\u00ed<\/a>.<\/li>\n<li>Para m\u00e1s informaci\u00f3n sobre <strong>Safari <\/strong><a href=\"https:\/\/support.apple.com\/kb\/ph21411?locale=es_ES\" target=\"_blank\">pulse aqu\u00ed.<\/a><\/li>\n<li>Para m\u00e1s informaci\u00f3n sobre<strong> Internet Explorer<\/strong> <a href=\"https:\/\/support.microsoft.com\/es-es\/help\/17442\/windows-internet-explorer-delete-manage-cookies\" target=\"_blank\">pulse aqu\u00ed<\/a><\/li>\n<\/ul>\n<p style=\"text-align: justify;\">A trav\u00e9s de su navegador, usted tambi\u00e9n puede ver las cookies que est\u00e1n en su ordenador, y borrarlas seg\u00fan crea conveniente. Las cookies son archivos de texto, los puede abrir y leer el contenido. Los datos dentro de ellos casi siempre est\u00e1 cifrados con una clave num\u00e9rica que corresponde a una sesi\u00f3n en Internet por lo que muchas veces no tienen sentido m\u00e1s all\u00e1 que la p\u00e1gina web que lo escribi\u00f3.<\/p>\n<p style=\"text-align: justify;\"><strong>Consentimiento informado<\/strong><\/p>\n<p style=\"text-align: justify;\">La utilizaci\u00f3n de este sitio web por su parte, implica que <strong>usted presta su consentimiento expreso e inequ\u00edvoco a la utilizaci\u00f3n de cookies, en los t\u00e9rminos y condiciones previstos en esta Pol\u00edtica de Cookies<\/strong>, sin perjuicio de las medidas de desactivaci\u00f3n y eliminaci\u00f3n de las cookies que usted pueda adoptar, y que se mencionan en el apartado anterior.<\/p>\n","protected":false},"excerpt":{"rendered":"<p>Una cookie es un archivo de texto que se almacena en el ordenador o dispositivo m\u00f3vil enviado por un servidor web. Solo ese servidor puede recuperar o leer el contenido de la cookie. Estos peque\u00f1os archivos permiten al sitio web recordar preferencias de navegaci\u00f3n y navegar de manera eficiente. Las cookies hacen la interacci\u00f3n entre [&hellip;]<\/p>\n","protected":false},"author":2,"featured_media":0,"parent":0,"menu_order":0,"comment_status":"closed","ping_status":"closed","template":"","meta":{"footnotes":""},"class_list":["post-1122","page","type-page","status-publish","hentry"],"_links":{"self":[{"href":"https:\/\/www.mariarosabuxarrais.com\/en\/wp-json\/wp\/v2\/pages\/1122","targetHints":{"allow":["GET"]}}],"collection":[{"href":"https:\/\/www.mariarosabuxarrais.com\/en\/wp-json\/wp\/v2\/pages"}],"about":[{"href":"https:\/\/www.mariarosabuxarrais.com\/en\/wp-json\/wp\/v2\/types\/page"}],"author":[{"embeddable":true,"href":"https:\/\/www.mariarosabuxarrais.com\/en\/wp-json\/wp\/v2\/users\/2"}],"replies":[{"embeddable":true,"href":"https:\/\/www.mariarosabuxarrais.com\/en\/wp-json\/wp\/v2\/comments?post=1122"}],"version-history":[{"count":2,"href":"https:\/\/www.mariarosabuxarrais.com\/en\/wp-json\/wp\/v2\/pages\/1122\/revisions"}],"predecessor-version":[{"id":1124,"href":"https:\/\/www.mariarosabuxarrais.com\/en\/wp-json\/wp\/v2\/pages\/1122\/revisions\/1124"}],"wp:attachment":[{"href":"https:\/\/www.mariarosabuxarrais.com\/en\/wp-json\/wp\/v2\/media?parent=1122"}],"curies":[{"name":"wp","href":"https:\/\/api.w.org\/{rel}","templated":true}]}}