{"id":40,"date":"2012-08-14T19:56:54","date_gmt":"2012-08-14T19:56:54","guid":{"rendered":"http:\/\/www.mariarosabuxarrais.com\/?page_id=40"},"modified":"2020-04-05T00:31:08","modified_gmt":"2020-04-04T22:31:08","slug":"docencia","status":"publish","type":"page","link":"https:\/\/www.mariarosabuxarrais.com\/ca\/docencia\/","title":{"rendered":"Doc\u00e8ncia"},"content":{"rendered":"<p><img loading=\"lazy\" decoding=\"async\" class=\"alignnone size-full wp-image-97\" alt=\"Icono notebook\" src=\"https:\/\/www.mariarosabuxarrais.com\/wp-content\/uploads\/docencia.png\" width=\"32\" height=\"32\" \/> Universitat de Barcelona. <\/p>\n<ul style=\"text-align: left;\">\n<li> <a href=\"javascript:animatedcollapse.toggle('DocUBGr')\">Doc\u00e8ncia de grau<\/a><\/li>\n<div id=\"DocUBGr\" style=\"text-align: center; padding: 10px 10px; background-color: #eeeeee; background-image: none; background-repeat: repeat; background-attachment: scroll; background-position: 0% 50%; width: 675px; display: none;\">\n<ul style=\"text-align: left;\">\n<li>2011-2014: Axiologia i educaci\u00f3 en valors (Pedagogia).<\/li>\n<li>2009-2014: Educaci\u00f3 Moral (Pedagogia).<\/li>\n<\/ul>\n<\/div>\n<\/ul>\n<ul style=\"text-align: left;\">\n<li><a href=\"javascript:animatedcollapse.toggle('DocUBPG')\">Doc\u00e8ncia de posgrau<\/a><\/li>\n<div id=\"DocUBPG\" style=\"text-align: center; padding: 10px 10px; background-color: #eeeeee; background-image: none; background-repeat: repeat; background-attachment: scroll; background-position: 0% 50%; width: 675px; display: none;\">\n<ul style=\"text-align: left;\">\n<li>2008 &#8211; 2013: L&#8217;educaci\u00f3 en valors a la fam\u00edlia (M\u00e0ster d&#8217;educaci\u00f3 per a la ciutadania i en valors).<\/li>\n<li>2005-2007: Consideracions \u00e9tiques del tutor\/a. Postgrau La tutoria i la seva pr\u00e0ctica.<\/li>\n<li>2002-2006: Educaci\u00f3 emocional i valors. Postgrau d\u2019Educaci\u00f3 Emocional.<\/li>\n<li>2000-2002: Formaci\u00f3 del professorat en educaci\u00f3 en valors. (Postgrau Formaci\u00f3 en Educaci\u00f3 en Valors, ICE-UB).<\/li>\n<\/ul>\n<\/div>\n<\/ul>\n<ul style=\"text-align: left;\">\n<li><a href=\"javascript:animatedcollapse.toggle('DocUBDoct')\">Doc\u00e8ncia de doctorat<\/a><\/li>\n<div id=\"DocUBDoct\" style=\"text-align: center; padding: 10px 10px; background-color: #eeeeee; background-image: none; background-repeat: repeat; background-attachment: scroll; background-position: 0% 50%; width: 675px; display: none;\">\n<ul style=\"text-align: left;\">\n<li>2001-2006_ Bases te\u00f2riques de l\u2019educaci\u00f3 moral. Programa de Doctorat: Educaci\u00f3 i Democr\u00e0cia.<\/li>\n<li>1996-2003: An\u00e0lisi de l\u2019acci\u00f3 educativa formal i no formal. Programa de Doctorat: Activitat f\u00edsica i esport. INEFC.<\/li>\n<\/ul>\n<\/div>\n<\/ul>\n<p><img loading=\"lazy\" decoding=\"async\" class=\"alignnone size-full wp-image-97\" alt=\"Icono notebook\" src=\"https:\/\/www.mariarosabuxarrais.com\/wp-content\/uploads\/docencia.png\" width=\"32\" height=\"32\" \/> Universidad de Chile. <\/p>\n<ul style=\"text-align: left;\">\n<li><a href=\"javascript:animatedcollapse.toggle('DocUChPG')\">Doc\u00e8ncia de posgrau<\/a><\/li>\n<div id=\"DocUChPG\" style=\"text-align: center; padding: 10px 10px; background-color: #eeeeee; background-image: none; background-repeat: repeat; background-attachment: scroll; background-position: 0% 50%; width: 675px; display: none;\">\n<ul style=\"text-align: left;\">\n<li>2002-2003: Educaci\u00f3n en Valores. Post\u00edtulo de la Facultad de Filosof\u00eda y Humanidades.<\/li>\n<\/ul>\n<\/div>\n<\/ul>\n<p><img loading=\"lazy\" decoding=\"async\" class=\"alignnone size-full wp-image-97\" alt=\"Icono notebook\" src=\"https:\/\/www.mariarosabuxarrais.com\/wp-content\/uploads\/docencia.png\" width=\"32\" height=\"32\" \/> Universidade Estadual Paulista \u201cJ\u00falio de Mesquita Filho\u201d (UNESP).<\/p>\n<ul style=\"text-align: left;\">\n<li><a href=\"javascript:animatedcollapse.toggle('DocUNESPPG')\">Doc\u00e8ncia de posgrau<\/a><\/li>\n<div id=\"DocUNESPPG\" style=\"text-align: center; padding: 10px 10px; background-color: #eeeeee; background-image: none; background-repeat: repeat; background-attachment: scroll; background-position: 0% 50%; width: 675px; display: none;\">\n<ul style=\"text-align: left;\">\n<li>2015: Seminari \u201cCompet\u00e8ncies i aprenentatge \u00e8tic en l\u2019Educaci\u00f3 Superior&#8221; para professors i estudiants del doctorat en Educaci\u00f3 al campus de Mar\u00edlia.<\/li>\n<\/ul>\n<\/div>\n<\/ul>\n<p><img loading=\"lazy\" decoding=\"async\" class=\"alignnone size-full wp-image-97\" alt=\"Icono notebook\" src=\"https:\/\/www.mariarosabuxarrais.com\/wp-content\/uploads\/docencia.png\" width=\"32\" height=\"32\" \/> Universitat de Lleida. <\/p>\n<ul style=\"text-align: left;\">\n<li><a href=\"javascript:animatedcollapse.toggle('DocULlPG')\">Doc\u00e8ncia de posgrau<\/a><\/li>\n<div id=\"DocULlPG\" style=\"text-align: center; padding: 10px 10px; background-color: #eeeeee; background-image: none; background-repeat: repeat; background-attachment: scroll; background-position: 0% 50%; width: 675px; display: none;\">\n<ul style=\"text-align: left;\">\n<li>2003-2004: Juventud y valores. M\u00e1ster interuniversitario en estudios y pol\u00edticas de juventud.<\/li>\n<\/ul>\n<\/div>\n<\/ul>\n<p><img loading=\"lazy\" decoding=\"async\" class=\"alignnone size-full wp-image-97\" alt=\"Icono notebook\" src=\"https:\/\/www.mariarosabuxarrais.com\/wp-content\/uploads\/docencia.png\" width=\"32\" height=\"32\" \/> Universitat Oberta de Catalunya (UOC). <\/p>\n<ul style=\"text-align: left;\">\n<li><a href=\"javascript:animatedcollapse.toggle('DocUOCGr')\">Doc\u00e8ncia de grau<\/a><\/li>\n<div id=\"DocUOCGr\" style=\"text-align: center; padding: 10px 10px; background-color: #eeeeee; background-image: none; background-repeat: repeat; background-attachment: scroll; background-position: 0% 50%; width: 675px; display: none;\">\n<ul style=\"text-align: left;\">\n<li>1998- 2001: Multiculturalisme i Educaci\u00f3 (Psicopedagogia)<\/li>\n<li>1996-1998: Psicologia Social de l\u2019Ensenyament (Psicopedagogia).<\/li>\n<\/ul>\n<\/div>\n<\/ul>\n<p><img loading=\"lazy\" decoding=\"async\" class=\"alignnone size-full wp-image-97\" alt=\"Icono notebook\" src=\"https:\/\/www.mariarosabuxarrais.com\/wp-content\/uploads\/docencia.png\" width=\"32\" height=\"32\" \/> Universidad de Oviedo. <\/p>\n<ul style=\"text-align: left;\">\n<li><a href=\"javascript:animatedcollapse.toggle('DocUOvPG')\">Doc\u00e8ncia de posgrau<\/a><\/li>\n<div id=\"DocUOvPG\" style=\"text-align: center; padding: 10px 10px; background-color: #eeeeee; background-image: none; background-repeat: repeat; background-attachment: scroll; background-position: 0% 50%; width: 675px; display: none;\">\n<ul style=\"text-align: left;\">\n<li>2003-2004: Programaci\u00f3n televisiva infantil: An\u00e1lisis y aportaciones educativas. Curso de Extensi\u00f3n Universitaria.<\/li>\n<\/ul>\n<\/div>\n<\/ul>\n<p><img loading=\"lazy\" decoding=\"async\" class=\"alignnone size-full wp-image-97\" alt=\"Icono notebook\" src=\"https:\/\/www.mariarosabuxarrais.com\/wp-content\/uploads\/docencia.png\" width=\"32\" height=\"32\" \/> Universitat Ramon Llull. <\/p>\n<ul style=\"text-align: left;\">\n<li><a href=\"javascript:animatedcollapse.toggle('DocURLDoct')\">Doc\u00e8ncia de doctorat<\/a><\/li>\n<div id=\"DocURLDoct\" style=\"text-align: center; padding: 10px 10px; background-color: #eeeeee; background-image: none; background-repeat: repeat; background-attachment: scroll; background-position: 0% 50%; width: 675px; display: none;\">\n<ul style=\"text-align: left;\">\n<li>1994 &#8211; 1995: Educaci\u00f3n Moral. Programa de doctorado en educaci\u00f3n.<\/li>\n<\/ul>\n<\/div>\n<\/ul>\n<p><img loading=\"lazy\" decoding=\"async\" class=\"alignnone size-full wp-image-97\" alt=\"Icono notebook\" src=\"https:\/\/www.mariarosabuxarrais.com\/wp-content\/uploads\/docencia.png\" width=\"32\" height=\"32\" \/> Universitat de Valencia. <\/p>\n<ul style=\"text-align: left;\">\n<li> <a href=\"javascript:animatedcollapse.toggle('DocUVGr')\">Doc\u00e8ncia de grau<\/a><\/li>\n<div id=\"DocUVGr\" style=\"text-align: center; padding: 10px 10px; background-color: #eeeeee; background-image: none; background-repeat: repeat; background-attachment: scroll; background-position: 0% 50%; width: 675px; display: none;\">\n<ul style=\"text-align: left;\">\n<li>2004-2005: La Uni\u00f3 Europea i els pa\u00efsos de la Mediterr\u00e0nia (Psicologia)<\/li>\n<li>2004-2005: La interculturalitat als pa\u00efsos de la Mediterr\u00e0nia (Psicologia)<\/li>\n<\/ul>\n<\/div>\n<\/ul>\n<ul style=\"text-align: left;\">\n<li><a href=\"javascript:animatedcollapse.toggle('DocUVDoc')\">Doc\u00e8ncia de doctorat<\/a><\/li>\n<div id=\"DocUVDoc\" style=\"text-align: center; padding: 10px 10px; background-color: #eeeeee; background-image: none; background-repeat: repeat; background-attachment: scroll; background-position: 0% 50%; width: 675px; display: none;\">\n<ul style=\"text-align: left;\">\n<li>2004-2005: Educaci\u00f3 moral. Programa de Doctorat del Dept. de M\u00e8todes d\u2019investigaci\u00f3 i diagn\u00f2stic en Educaci\u00f3.<\/li>\n<\/ul>\n<\/div>\n<\/ul>\n<p><img loading=\"lazy\" decoding=\"async\" class=\"alignnone size-full wp-image-97\" alt=\"Icono notebook\" src=\"https:\/\/www.mariarosabuxarrais.com\/wp-content\/uploads\/docencia.png\" width=\"32\" height=\"32\" \/> Universidad de Zaragoza. <\/p>\n<ul style=\"text-align: left;\">\n<li><a href=\"javascript:animatedcollapse.toggle('DocUZPG')\">Doc\u00e8ncia de posgrau<\/a><\/li>\n<div id=\"DocUZPG\" style=\"text-align: center; padding: 10px 10px; background-color: #eeeeee; background-image: none; background-repeat: repeat; background-attachment: scroll; background-position: 0% 50%; width: 675px; display: none;\">\n<ul style=\"text-align: left;\">\n<li>2008-2010: Teor\u00edas, modelos y paradigmas en Pedagog\u00eda y Educaci\u00f3n Social. Posgrado en Pedagogia Social.<\/li>\n<\/ul>\n<\/div>\n<\/ul>\n<p><img loading=\"lazy\" decoding=\"async\" class=\"alignnone size-full wp-image-97\" alt=\"Icono notebook\" src=\"https:\/\/www.mariarosabuxarrais.com\/wp-content\/uploads\/docencia.png\" width=\"32\" height=\"32\" \/> Universidad Camilo Jos\u00e9 Cela. <\/p>\n<ul style=\"text-align: left;\">\n<li><a href=\"javascript:animatedcollapse.toggle('DocUCJCPG')\">Doc\u00e8ncia de posgrau<\/a><\/li>\n<div id=\"DocUCJCPG\" style=\"text-align: center; padding: 10px 10px; background-color: #eeeeee; background-image: none; background-repeat: repeat; background-attachment: scroll; background-position: 0% 50%; width: 675px; display: none;\">\n<ul style=\"text-align: left;\">\n<li>2009-2013: Deporte y transmisi\u00f3n de valores (M\u00e1ster oficial en Programas deportivos, gesti\u00f3n, alto rendimiento y desarrollo social).<\/li>\n<\/ul>\n<\/div>\n<\/ul>\n<p><\/p>","protected":false},"excerpt":{"rendered":"<p>Universitat de Barcelona. Doc\u00e8ncia de grau 2011-2014: Axiologia i educaci\u00f3 en valors (Pedagogia). 2009-2014: Educaci\u00f3 Moral (Pedagogia). Doc\u00e8ncia de posgrau 2008 &#8211; 2013: L&#8217;educaci\u00f3 en valors a la fam\u00edlia (M\u00e0ster d&#8217;educaci\u00f3 per a la ciutadania i en valors). 2005-2007: Consideracions \u00e9tiques del tutor\/a. Postgrau La tutoria i la seva pr\u00e0ctica. 2002-2006: Educaci\u00f3 emocional i valors. [&hellip;]<\/p>\n","protected":false},"author":2,"featured_media":0,"parent":0,"menu_order":0,"comment_status":"closed","ping_status":"open","template":"","meta":{"footnotes":""},"class_list":["post-40","page","type-page","status-publish","hentry"],"_links":{"self":[{"href":"https:\/\/www.mariarosabuxarrais.com\/ca\/wp-json\/wp\/v2\/pages\/40","targetHints":{"allow":["GET"]}}],"collection":[{"href":"https:\/\/www.mariarosabuxarrais.com\/ca\/wp-json\/wp\/v2\/pages"}],"about":[{"href":"https:\/\/www.mariarosabuxarrais.com\/ca\/wp-json\/wp\/v2\/types\/page"}],"author":[{"embeddable":true,"href":"https:\/\/www.mariarosabuxarrais.com\/ca\/wp-json\/wp\/v2\/users\/2"}],"replies":[{"embeddable":true,"href":"https:\/\/www.mariarosabuxarrais.com\/ca\/wp-json\/wp\/v2\/comments?post=40"}],"version-history":[{"count":6,"href":"https:\/\/www.mariarosabuxarrais.com\/ca\/wp-json\/wp\/v2\/pages\/40\/revisions"}],"predecessor-version":[{"id":1673,"href":"https:\/\/www.mariarosabuxarrais.com\/ca\/wp-json\/wp\/v2\/pages\/40\/revisions\/1673"}],"wp:attachment":[{"href":"https:\/\/www.mariarosabuxarrais.com\/ca\/wp-json\/wp\/v2\/media?parent=40"}],"curies":[{"name":"wp","href":"https:\/\/api.w.org\/{rel}","templated":true}]}}