{"id":13,"date":"2012-08-14T18:34:08","date_gmt":"2012-08-14T18:34:08","guid":{"rendered":"http:\/\/www.mariarosabuxarrais.com\/?page_id=13"},"modified":"2017-02-28T12:07:14","modified_gmt":"2017-02-28T11:07:14","slug":"publicaciones","status":"publish","type":"page","link":"https:\/\/www.mariarosabuxarrais.com\/ca\/publicaciones\/","title":{"rendered":"Publicacions"},"content":{"rendered":"<p>En els enlla\u00e7os seg\u00fcents es pot trobar una selecci\u00f3 de publicacions que, sense \u00e0nim de ser exhaustiva, mostra algunes de les m\u00e9s destacades en les seg\u00fcents seccions:<\/p>\n<ul>\n<li><a title=\"Articles\" href=\"https:\/\/www.mariarosabuxarrais.com\/ca\/publicaciones\/articulos\/\">Articles<\/a> en revistes cient\u00edfiques.<\/li>\n<li><a title=\"Cap\u00edtols de llibres\" href=\"https:\/\/www.mariarosabuxarrais.com\/ca\/publicaciones\/capitulos\/\">Cap\u00edtols de llibres.<\/a><\/li>\n<li><a title=\"Llibres\" href=\"https:\/\/www.mariarosabuxarrais.com\/ca\/publicaciones\/libros\/\">Llibres.<\/a><\/li>\n<li><a href=\"https:\/\/www.mariarosabuxarrais.com\/ca\/category\/prensa\/\">Premsa<\/a>. Col\u00b7laboraci\u00f3 amb els mitjans de comunicaci\u00f3<\/li>\n<\/ul>\n<p><\/p>","protected":false},"excerpt":{"rendered":"<p>En els enlla\u00e7os seg\u00fcents es pot trobar una selecci\u00f3 de publicacions que, sense \u00e0nim de ser exhaustiva, mostra algunes de les m\u00e9s destacades en les seg\u00fcents seccions: Articles en revistes cient\u00edfiques. Cap\u00edtols de llibres. Llibres. Premsa. Col\u00b7laboraci\u00f3 amb els mitjans de comunicaci\u00f3<\/p>\n","protected":false},"author":2,"featured_media":0,"parent":0,"menu_order":0,"comment_status":"closed","ping_status":"open","template":"","meta":{"footnotes":""},"class_list":["post-13","page","type-page","status-publish","hentry"],"_links":{"self":[{"href":"https:\/\/www.mariarosabuxarrais.com\/ca\/wp-json\/wp\/v2\/pages\/13","targetHints":{"allow":["GET"]}}],"collection":[{"href":"https:\/\/www.mariarosabuxarrais.com\/ca\/wp-json\/wp\/v2\/pages"}],"about":[{"href":"https:\/\/www.mariarosabuxarrais.com\/ca\/wp-json\/wp\/v2\/types\/page"}],"author":[{"embeddable":true,"href":"https:\/\/www.mariarosabuxarrais.com\/ca\/wp-json\/wp\/v2\/users\/2"}],"replies":[{"embeddable":true,"href":"https:\/\/www.mariarosabuxarrais.com\/ca\/wp-json\/wp\/v2\/comments?post=13"}],"version-history":[{"count":15,"href":"https:\/\/www.mariarosabuxarrais.com\/ca\/wp-json\/wp\/v2\/pages\/13\/revisions"}],"predecessor-version":[{"id":1110,"href":"https:\/\/www.mariarosabuxarrais.com\/ca\/wp-json\/wp\/v2\/pages\/13\/revisions\/1110"}],"wp:attachment":[{"href":"https:\/\/www.mariarosabuxarrais.com\/ca\/wp-json\/wp\/v2\/media?parent=13"}],"curies":[{"name":"wp","href":"https:\/\/api.w.org\/{rel}","templated":true}]}}